{"id":198,"date":"2020-10-17T08:45:40","date_gmt":"2020-10-17T08:45:40","guid":{"rendered":"https:\/\/nut-machine.com\/?page_id=198"},"modified":"2026-04-03T16:18:23","modified_gmt":"2026-04-03T08:18:23","slug":"about-us","status":"publish","type":"page","link":"https:\/\/nut-machine.com\/vi\/about-us\/","title":{"rendered":"V\u1ec1 Ch\u00fang T\u00f4i"},"content":{"rendered":"<h2 class=\"wp-block-heading\">C\u00f4ng ty TNHH Thi\u1ebft b\u1ecb C\u01a1 kh\u00ed Zhengzhou Taizy.<\/h2>    <p class=\"translation-block\"><strong><mark class=\"has-inline-color has-palette-color-1-color\"><a href=\"https:\/\/nut-machine.com\/vi\/\">C\u00f4ng ty TNHH Thi\u1ebft b\u1ecb C\u01a1 kh\u00ed Tr\u1ecbnh Ch\u00e2u Taizy<\/a><\/mark><\/strong> l\u00e0 nh\u00e0 s\u1ea3n xu\u1ea5t v\u00e0 nh\u00e0 cung c\u1ea5p h\u00e0ng \u0111\u1ea7u c\u00e1c gi\u1ea3i ph\u00e1p m\u00e1y m\u00f3c ch\u1ebf bi\u1ebfn h\u1ea1t to\u00e0n di\u1ec7n, cam k\u1ebft h\u1ed7 tr\u1ee3 c\u00e1c doanh nghi\u1ec7p ch\u1ebf bi\u1ebfn th\u1ef1c ph\u1ea9m tr\u00ean to\u00e0n th\u1ebf gi\u1edbi b\u1eb1ng c\u00f4ng ngh\u1ec7 ti\u00ean ti\u1ebfn v\u00e0 thi\u1ebft b\u1ecb \u0111\u00e1ng tin c\u1eady.<\/p>    <figure class=\"wp-block-image aligncenter size-full is-resized\"><img loading=\"lazy\" decoding=\"async\" width=\"720\" height=\"540\" src=\"https:\/\/nut-machine.com\/wp-content\/uploads\/2026\/04\/taizy-factory.webp\" alt=\"taizy-factory\" class=\"wp-image-9919\" style=\"width:809px;height:auto\" title=\"\" srcset=\"https:\/\/nut-machine.com\/wp-content\/uploads\/2026\/04\/taizy-factory.webp 720w, https:\/\/nut-machine.com\/wp-content\/uploads\/2026\/04\/taizy-factory-480x360.webp 480w, https:\/\/nut-machine.com\/wp-content\/uploads\/2026\/04\/taizy-factory-240x180.webp 240w, https:\/\/nut-machine.com\/wp-content\/uploads\/2026\/04\/taizy-factory-16x12.webp 16w\" sizes=\"auto, (max-width: 720px) 100vw, 720px\" \/><figcaption class=\"wp-element-caption\">Nh\u00e0 m\u00e1y Taizy<\/figcaption><\/figure>    <h2 class=\"wp-block-heading\">Ch\u00fang T\u00f4i L\u00e0 Ai<\/h2>    <p class=\"translation-block\">\u0110\u01b0\u1ee3c th\u00e0nh l\u1eadp v\u1edbi cam k\u1ebft v\u1ec1 s\u1ef1 xu\u1ea5t s\u1eafc, Taizy l\u00e0 m\u1ed9t c\u00f4ng ty con c\u1ee7a <strong><mark class=\"has-inline-color has-palette-color-1-color\">Shuliy Group<\/mark><\/strong>, m\u1ed9t t\u00ean tu\u1ed5i n\u1ed5i ti\u1ebfng trong l\u0129nh v\u1ef1c s\u1ea3n xu\u1ea5t m\u00e1y m\u00f3c. V\u1edbi h\u01a1n 15 n\u0103m kinh nghi\u1ec7m trong ng\u00e0nh, Taizy \u0111\u00e3 ph\u00e1t tri\u1ec3n tr\u1edf th\u00e0nh m\u1ed9t th\u01b0\u01a1ng hi\u1ec7u \u0111\u00e1ng tin c\u1eady trong ng\u00e0nh ch\u1ebf bi\u1ebfn h\u1ea1t to\u00e0n c\u1ea7u. Tr\u1ee5 s\u1edf ch\u00ednh \u0111\u1eb7t t\u1ea1i Tr\u1ecbnh Ch\u00e2u, Trung Qu\u1ed1c \u2014 m\u1ed9t th\u00e0nh ph\u1ed1 n\u1ed5i ti\u1ebfng v\u1edbi di s\u1ea3n s\u1ea3n xu\u1ea5t c\u00f4ng nghi\u1ec7p \u2014 ch\u00fang t\u00f4i \u0111\u00e3 x\u00e2y d\u1ef1ng danh ti\u1ebfng d\u1ef1a tr\u00ean tay ngh\u1ec1 ch\u1ea5t l\u01b0\u1ee3ng, \u0111\u1ed5i m\u1edbi k\u1ef9 thu\u1eadt v\u00e0 s\u1ef1 t\u1eadn t\u00e2m kh\u00f4ng ng\u1eebng v\u1edbi kh\u00e1ch h\u00e0ng.<\/p>    <p>D\u1ef1a tr\u00ean ngu\u1ed3n l\u1ef1c m\u1ea1nh m\u1ebd v\u00e0 chuy\u00ean m\u00f4n c\u1ee7a Shuliy Group, ch\u00fang t\u00f4i \u0111\u00e3 ph\u00e1t tri\u1ec3n t\u1eeb m\u1ed9t x\u01b0\u1edfng nh\u1ecf th\u00e0nh m\u1ed9t doanh nghi\u1ec7p s\u1ea3n xu\u1ea5t hi\u1ec7n \u0111\u1ea1i v\u1edbi c\u01a1 s\u1edf s\u1ea3n xu\u1ea5t ti\u00ean ti\u1ebfn, \u0111\u1ed9i ng\u0169 R&amp;D chuy\u00ean nghi\u1ec7p v\u00e0 m\u1ea1ng l\u01b0\u1edbi ph\u00e2n ph\u1ed1i to\u00e0n c\u1ea7u. H\u00e0nh tr\u00ecnh c\u1ee7a ch\u00fang t\u00f4i \u0111\u00e3 \u0111\u01b0\u1ee3c \u0111\u00e1nh d\u1ea5u b\u1edfi s\u1ef1 t\u0103ng tr\u01b0\u1edfng li\u00ean t\u1ee5c, \u0111\u1ed9t ph\u00e1 c\u00f4ng ngh\u1ec7 v\u00e0 c\u00e1c m\u1ed1i quan h\u1ec7 h\u1ee3p t\u00e1c l\u00e2u d\u00e0i v\u1edbi kh\u00e1ch h\u00e0ng \u1edf h\u01a1n 50 qu\u1ed1c gia.<\/p>    <p>Ch\u00fang t\u00f4i chuy\u00ean thi\u1ebft k\u1ebf, s\u1ea3n xu\u1ea5t v\u00e0 ph\u00e2n ph\u1ed1i nhi\u1ec1u lo\u1ea1i m\u00e1y m\u00f3c ch\u1ea5t l\u01b0\u1ee3ng cao \u0111\u1ec3 b\u00f3c v\u1ecf, rang, b\u00f3c v\u1ecf, c\u1eaft v\u00e0 \u0111\u00f3ng g\u00f3i c\u00e1c lo\u1ea1i h\u1ea1t v\u00e0 h\u1ea1t gi\u1ed1ng. T\u1eadn d\u1ee5ng ngu\u1ed3n l\u1ef1c k\u1ef9 thu\u1eadt r\u1ed9ng l\u1edbn c\u1ee7a Shuliy Group v\u00e0 hi\u1ec3u bi\u1ebft s\u00e2u s\u1eafc v\u1ec1 c\u00e1c th\u00e1ch th\u1ee9c trong ch\u1ebf bi\u1ebfn h\u1ea1t, ch\u00fang t\u00f4i cung c\u1ea5p c\u00e1c gi\u1ea3i ph\u00e1p th\u1ef1c s\u1ef1 \u0111\u00e1p \u1ee9ng nhu c\u1ea7u c\u1ee7a kh\u00e1ch h\u00e0ng.<\/p>    <figure class=\"wp-block-image aligncenter size-full\"><img loading=\"lazy\" decoding=\"async\" width=\"720\" height=\"540\" src=\"https:\/\/nut-machine.com\/wp-content\/uploads\/2026\/04\/Shuliys-customers.webp\" alt=\"Kh\u00e1ch h\u00e0ng c\u1ee7a Shuliy\" class=\"wp-image-9924\" title=\"\" srcset=\"https:\/\/nut-machine.com\/wp-content\/uploads\/2026\/04\/Shuliys-customers.webp 720w, https:\/\/nut-machine.com\/wp-content\/uploads\/2026\/04\/Shuliys-customers-480x360.webp 480w, https:\/\/nut-machine.com\/wp-content\/uploads\/2026\/04\/Shuliys-customers-240x180.webp 240w, https:\/\/nut-machine.com\/wp-content\/uploads\/2026\/04\/Shuliys-customers-16x12.webp 16w\" sizes=\"auto, (max-width: 720px) 100vw, 720px\" \/><figcaption class=\"wp-element-caption\">Kh\u00e1ch h\u00e0ng c\u1ee7a Shuliy<\/figcaption><\/figure>    <h3 class=\"wp-block-heading\">Danh m\u1ee5c S\u1ea3n ph\u1ea9m c\u1ee7a Ch\u00fang T\u00f4i<\/h3>    <p>D\u00f2ng s\u1ea3n ph\u1ea9m \u0111a d\u1ea1ng c\u1ee7a ch\u00fang t\u00f4i bao g\u1ed3m:<\/p>    <ul class=\"wp-block-list\"> <li><strong><a href=\"https:\/\/nut-machine.com\/vi\/products\/shelling-cracking\/\">M\u00e1y b\u00f3c v\u1ecf h\u1ea1t<\/a><\/strong> \u2013 Thi\u1ebft b\u1ecb hi\u1ec7u qu\u1ea3 cho \u0111\u1eadu ph\u1ed9ng, qu\u1ea3 \u00f3c ch\u00f3, h\u1ea1nh nh\u00e2n, h\u1ea1t \u0111i\u1ec1u v\u00e0 nhi\u1ec1u lo\u1ea1i kh\u00e1c<\/li>    <li><strong><a href=\"https:\/\/nut-machine.com\/vi\/peanut-roaster\/\">M\u00e1y rang h\u1ea1t <\/a><\/strong>\u2013 M\u00e1y rang quay tr\u1ed1ng quay ti\u1ebft ki\u1ec7m n\u0103ng l\u01b0\u1ee3ng v\u1edbi ki\u1ec3m so\u00e1t nhi\u1ec7t \u0111\u1ed9 ch\u00ednh x\u00e1c<\/li>    <li>Thi\u1ebft b\u1ecb b\u00f3c v\u1ecf &amp; l\u00e0m s\u1ea1ch \u2013 Gi\u1ea3i ph\u00e1p ti\u00ean ti\u1ebfn cho vi\u1ec7c b\u00f3c v\u1ecf \u0111\u1eadu ph\u1ed9ng v\u00e0 ch\u1ebf bi\u1ebfn h\u1ea1t cacao<\/li>    <li>M\u00e1y c\u1eaft &amp; t\u1ea1o h\u00ecnh \u2013 M\u00e1y m\u00f3c chuy\u00ean d\u1ee5ng cho thanh \u0111\u1eadu ph\u1ed9ng, chikki v\u00e0 c\u00e1c lo\u1ea1i h\u1ea1t ph\u1ee7<\/li>    <li><strong><a href=\"https:\/\/nut-machine.com\/vi\/products\/nut-processing-plant\/\">D\u00e2y chuy\u1ec1n ch\u1ebf bi\u1ebfn ho\u00e0n ch\u1ec9nh<\/a><\/strong> \u2013 Gi\u1ea3i ph\u00e1p ch\u00eca kh\u00f3a trao tay t\u1eeb x\u1eed l\u00fd nguy\u00ean li\u1ec7u th\u00f4 \u0111\u1ebfn \u0111\u00f3ng g\u00f3i th\u00e0nh ph\u1ea9m<\/li> <\/ul>    <figure class=\"wp-block-image aligncenter size-full\"><img loading=\"lazy\" decoding=\"async\" width=\"720\" height=\"540\" src=\"https:\/\/nut-machine.com\/wp-content\/uploads\/2026\/04\/Factory-Diagram-of-the-Machine.webp\" alt=\"Factory Diagram of the Machine\" class=\"wp-image-9927\" title=\"\" srcset=\"https:\/\/nut-machine.com\/wp-content\/uploads\/2026\/04\/Factory-Diagram-of-the-Machine.webp 720w, https:\/\/nut-machine.com\/wp-content\/uploads\/2026\/04\/Factory-Diagram-of-the-Machine-480x360.webp 480w, https:\/\/nut-machine.com\/wp-content\/uploads\/2026\/04\/Factory-Diagram-of-the-Machine-240x180.webp 240w, https:\/\/nut-machine.com\/wp-content\/uploads\/2026\/04\/Factory-Diagram-of-the-Machine-16x12.webp 16w\" sizes=\"auto, (max-width: 720px) 100vw, 720px\" \/><figcaption class=\"wp-element-caption\">S\u01a1 \u0111\u1ed3 nh\u00e0 m\u00e1y c\u1ee7a M\u00e1y m\u00f3c<\/figcaption><\/figure>    <h3 class=\"wp-block-heading\">T\u1ea1i sao ch\u1ecdn Taizy\uff1f<\/h3>    <div class=\"wp-block-columns is-layout-flex wp-container-core-columns-is-layout-28f84493 wp-block-columns-is-layout-flex\"> <div class=\"wp-block-column is-layout-flow wp-block-column-is-layout-flow\"> <h3 class=\"wp-block-heading has-text-align-center\"><mark style=\"background-color:rgba(0, 0, 0, 0)\" class=\"has-inline-color has-palette-color-1-color\">H\u01a1n 15 n\u0103m kinh nghi\u1ec7m<\/mark><\/h3>    <p> Ki\u1ebfn th\u1ee9c s\u00e2u r\u1ed9ng trong ng\u00e0nh v\u00e0 th\u00e0nh t\u00edch \u0111\u00e3 \u0111\u01b0\u1ee3c ch\u1ee9ng minh<\/p> <\/div>    <div class=\"wp-block-column is-layout-flow wp-block-column-is-layout-flow\"> <h3 class=\"wp-block-heading has-text-align-center\"><mark style=\"background-color:rgba(0, 0, 0, 0)\" class=\"has-inline-color has-palette-color-1-color\">\u0110\u1ea3m b\u1ea3o ch\u1ea5t l\u01b0\u1ee3ng <\/mark><\/h3>    <p>T\u1ea5t c\u1ea3 thi\u1ebft b\u1ecb \u0111\u00e1p \u1ee9ng ti\u00eau chu\u1ea9n v\u1ec7 sinh an to\u00e0n th\u1ef1c ph\u1ea9m qu\u1ed1c t\u1ebf<\/p> <\/div> <\/div>    <div class=\"wp-block-columns is-layout-flex wp-container-core-columns-is-layout-28f84493 wp-block-columns-is-layout-flex\"> <div class=\"wp-block-column is-layout-flow wp-block-column-is-layout-flow\"> <h3 class=\"wp-block-heading has-text-align-center\"><mark style=\"background-color:rgba(0, 0, 0, 0)\" class=\"has-inline-color has-palette-color-1-color\"> Ch\u1ee7 \u0110\u1ed9ng \u0110\u1ed5i M\u1edbi <\/mark><\/h3>    <p>\u0110\u1ea7u t\u01b0 R&amp;D li\u00ean t\u1ee5c \u0111\u1ec3 n\u00e2ng cao hi\u1ec7u qu\u1ea3 v\u00e0 hi\u1ec7u su\u1ea5t<\/p> <\/div>    <div class=\"wp-block-column is-layout-flow wp-block-column-is-layout-flow\"> <h3 class=\"wp-block-heading has-text-align-center\"><mark style=\"background-color:rgba(0, 0, 0, 0)\" class=\"has-inline-color has-palette-color-1-color\">Hi\u1ec7u qu\u1ea3 n\u0103ng l\u01b0\u1ee3ng<\/mark><\/h3>    <p>M\u00e1y m\u00f3c c\u1ee7a ch\u00fang t\u00f4i \u0111\u01b0\u1ee3c thi\u1ebft k\u1ebf \u0111\u1ec3 gi\u1ea3m thi\u1ec3u ti\u00eau th\u1ee5 n\u0103ng l\u01b0\u1ee3ng trong khi t\u1ed1i \u0111a h\u00f3a s\u1ea3n l\u01b0\u1ee3ng<\/p> <\/div> <\/div>    <div class=\"wp-block-columns is-layout-flex wp-container-core-columns-is-layout-28f84493 wp-block-columns-is-layout-flex\"> <div class=\"wp-block-column is-layout-flow wp-block-column-is-layout-flow\"> <h3 class=\"wp-block-heading has-text-align-center\"><mark style=\"background-color:rgba(0, 0, 0, 0)\" class=\"has-inline-color has-palette-color-1-color\">Ph\u1ea1m vi To\u00e0n c\u1ea7u<\/mark><\/h3>    <p>Ph\u1ee5c v\u1ee5 kh\u00e1ch h\u00e0ng tr\u00ean nhi\u1ec1u ch\u00e2u l\u1ee5c v\u1edbi h\u1ed7 tr\u1ee3 \u0111\u1ecba ph\u01b0\u01a1ng h\u00f3a<\/p> <\/div>    <div class=\"wp-block-column is-layout-flow wp-block-column-is-layout-flow\"> <h3 class=\"wp-block-heading has-text-align-center\"><mark style=\"background-color:rgba(0, 0, 0, 0)\" class=\"has-inline-color has-palette-color-1-color\">H\u1ed7 tr\u1ee3 Chuy\u00ean gia <\/mark><\/h3>    <p>H\u01b0\u1edbng d\u1eabn k\u1ef9 thu\u1eadt to\u00e0n di\u1ec7n t\u1eeb l\u1eafp \u0111\u1eb7t \u0111\u1ebfn d\u1ecbch v\u1ee5 h\u1eadu m\u00e3i<\/p> <\/div> <\/div>    <figure class=\"wp-block-image aligncenter size-full\"><img loading=\"lazy\" decoding=\"async\" width=\"720\" height=\"540\" src=\"https:\/\/nut-machine.com\/wp-content\/uploads\/2026\/04\/Our-Certifications.webp\" alt=\"Ch\u1ee9ng nh\u1eadn c\u1ee7a Ch\u00fang T\u00f4i\" class=\"wp-image-9929\" title=\"\" srcset=\"https:\/\/nut-machine.com\/wp-content\/uploads\/2026\/04\/Our-Certifications.webp 720w, https:\/\/nut-machine.com\/wp-content\/uploads\/2026\/04\/Our-Certifications-480x360.webp 480w, https:\/\/nut-machine.com\/wp-content\/uploads\/2026\/04\/Our-Certifications-240x180.webp 240w, https:\/\/nut-machine.com\/wp-content\/uploads\/2026\/04\/Our-Certifications-16x12.webp 16w\" sizes=\"auto, (max-width: 720px) 100vw, 720px\" \/><figcaption class=\"wp-element-caption\">Ch\u1ee9ng nh\u1eadn c\u1ee7a Ch\u00fang T\u00f4i<\/figcaption><\/figure>    <h3 class=\"wp-block-heading\">S\u1ee9 M\u1ec7nh c\u1ee7a Ch\u00fang T\u00f4i<\/h3>    <p>T\u1ea1i Taizy, ch\u00fang t\u00f4i cam k\u1ebft gi\u00fap c\u00e1c doanh nghi\u1ec7p ch\u1ebf bi\u1ebfn h\u1ea1t \u0111\u1ea1t \u0111\u01b0\u1ee3c s\u1ef1 xu\u1ea5t s\u1eafc trong v\u1eadn h\u00e0nh th\u00f4ng qua c\u00e1c gi\u1ea3i ph\u00e1p m\u00e1y m\u00f3c s\u00e1ng t\u1ea1o. D\u00f9 b\u1ea1n l\u00e0 nh\u00e0 s\u1ea3n xu\u1ea5t nh\u1ecf hay doanh nghi\u1ec7p c\u00f4ng nghi\u1ec7p l\u1edbn, ch\u00fang t\u00f4i cung c\u1ea5p c\u00e1c c\u00f4ng c\u1ee5 v\u00e0 chuy\u00ean m\u00f4n \u0111\u1ec3 t\u1ed1i \u01b0u h\u00f3a s\u1ea3n xu\u1ea5t v\u00e0 t\u1ed1i \u0111a h\u00f3a l\u1ee3i nhu\u1eadn c\u1ee7a b\u1ea1n.<\/p>    <p>Li\u00ean h\u1ec7 v\u1edbi ch\u00fang t\u00f4i h\u00f4m nay \u0111\u1ec3 kh\u00e1m ph\u00e1 c\u00e1ch Taizy c\u00f3 th\u1ec3 chuy\u1ec3n \u0111\u1ed5i ho\u1ea1t \u0111\u1ed9ng ch\u1ebf bi\u1ebfn h\u1ea1t c\u1ee7a b\u1ea1n.<\/p>    <figure class=\"wp-block-image aligncenter size-full\"><img loading=\"lazy\" decoding=\"async\" width=\"720\" height=\"540\" src=\"https:\/\/nut-machine.com\/wp-content\/uploads\/2026\/04\/We-ship-to-customers-worldwide-around-the-clock.webp\" alt=\"Ch\u00fang t\u00f4i v\u1eadn chuy\u1ec3n \u0111\u1ebfn kh\u00e1ch h\u00e0ng tr\u00ean to\u00e0n th\u1ebf gi\u1edbi 24\/7\" class=\"wp-image-9932\" title=\"\" srcset=\"https:\/\/nut-machine.com\/wp-content\/uploads\/2026\/04\/We-ship-to-customers-worldwide-around-the-clock.webp 720w, https:\/\/nut-machine.com\/wp-content\/uploads\/2026\/04\/We-ship-to-customers-worldwide-around-the-clock-480x360.webp 480w, https:\/\/nut-machine.com\/wp-content\/uploads\/2026\/04\/We-ship-to-customers-worldwide-around-the-clock-240x180.webp 240w, https:\/\/nut-machine.com\/wp-content\/uploads\/2026\/04\/We-ship-to-customers-worldwide-around-the-clock-16x12.webp 16w\" sizes=\"auto, (max-width: 720px) 100vw, 720px\" \/><figcaption class=\"wp-element-caption\">Ch\u00fang t\u00f4i v\u1eadn chuy\u1ec3n \u0111\u1ebfn kh\u00e1ch h\u00e0ng tr\u00ean to\u00e0n th\u1ebf gi\u1edbi 24\/7<\/figcaption><\/figure>","protected":false},"excerpt":{"rendered":"<p>Zhengzhou Taizy Mechanical Equipment Co., LTD. Zhengzhou Taizy Mechanical Equipment Co., Ltd. is a leading manufacturer and supplier of comprehensive nut processing machinery solutions, dedicated to empowering food processing businesses worldwide with cutting-edge technology and reliable equipment. Who We Are Established with a commitment to excellence, Taizy is a subsidiary of Shuliy Group, a renowned [&hellip;]<\/p>\n","protected":false},"author":1,"featured_media":0,"parent":0,"menu_order":0,"comment_status":"closed","ping_status":"closed","template":"","meta":{"_kad_blocks_custom_css":"","_kad_blocks_head_custom_js":"","_kad_blocks_body_custom_js":"","_kad_blocks_footer_custom_js":"","footnotes":""},"class_list":["post-198","page","type-page","status-publish","hentry"],"blocksy_meta":{"styles_descriptor":{"styles":{"desktop":"","tablet":"","mobile":""},"google_fonts":[],"version":6}},"taxonomy_info":[],"featured_image_src_large":false,"author_info":{"display_name":"nut-machine","author_link":"https:\/\/nut-machine.com\/vi\/author\/taizy\/"},"comment_info":"","_links":{"self":[{"href":"https:\/\/nut-machine.com\/vi\/wp-json\/wp\/v2\/pages\/198","targetHints":{"allow":["GET"]}}],"collection":[{"href":"https:\/\/nut-machine.com\/vi\/wp-json\/wp\/v2\/pages"}],"about":[{"href":"https:\/\/nut-machine.com\/vi\/wp-json\/wp\/v2\/types\/page"}],"author":[{"embeddable":true,"href":"https:\/\/nut-machine.com\/vi\/wp-json\/wp\/v2\/users\/1"}],"replies":[{"embeddable":true,"href":"https:\/\/nut-machine.com\/vi\/wp-json\/wp\/v2\/comments?post=198"}],"version-history":[{"count":10,"href":"https:\/\/nut-machine.com\/vi\/wp-json\/wp\/v2\/pages\/198\/revisions"}],"predecessor-version":[{"id":9939,"href":"https:\/\/nut-machine.com\/vi\/wp-json\/wp\/v2\/pages\/198\/revisions\/9939"}],"wp:attachment":[{"href":"https:\/\/nut-machine.com\/vi\/wp-json\/wp\/v2\/media?parent=198"}],"curies":[{"name":"wp","href":"https:\/\/api.w.org\/{rel}","templated":true}]}}