{"id":200,"date":"2020-10-17T08:45:54","date_gmt":"2020-10-17T08:45:54","guid":{"rendered":"https:\/\/nut-machine.com\/?page_id=200"},"modified":"2026-04-23T17:25:43","modified_gmt":"2026-04-23T09:25:43","slug":"contact-us","status":"publish","type":"page","link":"https:\/\/nut-machine.com\/tr\/contact-us\/","title":{"rendered":"Bize Ula\u015f\u0131n"},"content":{"rendered":"<h2 class=\"wp-block-heading\">\u0130lginizi \u00c7ekti mi? Bug\u00fcn Taizy ile \u0130leti\u015fime Ge\u00e7in<\/h2>    <div class=\"wp-block-buttons is-layout-flex wp-block-buttons-is-layout-flex\"> <div class=\"wp-block-button\"><a class=\"wp-block-button__link wp-element-button\" href=\"https:\/\/wa.me\/+8619139761487\" target=\"_blank\" rel=\"noopener\">WhatsApp ve Mobil Telefon:  86 19139761487<\/a><\/div> <\/div>    <div class=\"wp-block-buttons is-layout-flex wp-block-buttons-is-layout-flex\"> <div class=\"wp-block-button\"><a class=\"wp-block-button__link wp-element-button\" href=\"https:\/\/mail.google.com\" target=\"_blank\" rel=\"noopener\">E-posta: info@nut-machine.com<\/a><\/div> <\/div>    <div class=\"wp-block-buttons is-layout-flex wp-block-buttons-is-layout-flex\"> <div class=\"wp-block-button\"><a class=\"wp-block-button__link wp-element-button\">WeChat: 19139761487<\/a><\/div> <\/div>    <h2 class=\"wp-block-heading\">TAIZY \u2014 F\u0131nd\u0131k \u0130\u015fleme Makinesi Uzman\u0131<\/h2>    <p>Tam g\u00fcvenilir f\u0131nd\u0131k i\u015fleme \u00e7\u00f6z\u00fcmleri i\u00e7in Taizy Makine ile ileti\u015fime ge\u00e7in.<\/p>    <p class=\"translation-block\">F\u0131nd\u0131k i\u015fleme makineleri, <strong><a href=\"https:\/\/nut-machine.com\/tr\/cocoa-bean-processing\/\">kakao i\u015fleme makinesi<\/a><\/strong>, <strong><a href=\"https:\/\/nut-machine.com\/tr\/peanut-processing\/\">f\u0131st\u0131k i\u015fleme makineleri<\/a><\/strong>, <strong><a href=\"https:\/\/nut-machine.com\/tr\/hazelnut-processing\/\">antep f\u0131st\u0131\u011f\u0131 ve f\u0131nd\u0131k kabuk ay\u0131rma hatlar\u0131<\/a><\/strong> <strong><a href=\"https:\/\/nut-machine.com\/tr\/almond-processing\/\">, badem i\u015fleme makineleri,<\/a><\/strong> f\u0131nd\u0131k kavurma, soyma, kesme, \u00f6\u011f\u00fctme makineleri ve tam \u00fcretim hatlar\u0131 dahil olmak \u00fczere profesyonel bir \u00fcretici ve tedarik\u00e7iyiz.<\/p>    <figure class=\"wp-block-image aligncenter size-full\"><img loading=\"lazy\" decoding=\"async\" width=\"720\" height=\"540\" src=\"https:\/\/nut-machine.com\/wp-content\/uploads\/2026\/04\/Factory-Diagram-of-the-Machine.webp\" alt=\"Factory Diagram of the Machine\" class=\"wp-image-9927\" title=\"\" srcset=\"https:\/\/nut-machine.com\/wp-content\/uploads\/2026\/04\/Factory-Diagram-of-the-Machine.webp 720w, https:\/\/nut-machine.com\/wp-content\/uploads\/2026\/04\/Factory-Diagram-of-the-Machine-480x360.webp 480w, https:\/\/nut-machine.com\/wp-content\/uploads\/2026\/04\/Factory-Diagram-of-the-Machine-240x180.webp 240w, https:\/\/nut-machine.com\/wp-content\/uploads\/2026\/04\/Factory-Diagram-of-the-Machine-16x12.webp 16w\" sizes=\"auto, (max-width: 720px) 100vw, 720px\" \/><figcaption class=\"wp-element-caption\">Makinenin Fabrika Diyagram\u0131<\/figcaption><\/figure>    <p>Makine, fiyat teklifi, parametreler, \u00f6zelle\u015ftirme veya sat\u0131\u015f sonras\u0131 destek hakk\u0131nda herhangi bir ihtiyac\u0131n\u0131z varsa, l\u00fctfen bizimle ileti\u015fime ge\u00e7mekten \u00e7ekinmeyin.<\/p>    <figure class=\"wp-block-image size-full\"><img loading=\"lazy\" decoding=\"async\" width=\"720\" height=\"540\" src=\"https:\/\/nut-machine.com\/wp-content\/uploads\/2026\/04\/taizy-factory.webp\" alt=\"taizy-factory\" class=\"wp-image-9919\" title=\"\" srcset=\"https:\/\/nut-machine.com\/wp-content\/uploads\/2026\/04\/taizy-factory.webp 720w, https:\/\/nut-machine.com\/wp-content\/uploads\/2026\/04\/taizy-factory-480x360.webp 480w, https:\/\/nut-machine.com\/wp-content\/uploads\/2026\/04\/taizy-factory-240x180.webp 240w, https:\/\/nut-machine.com\/wp-content\/uploads\/2026\/04\/taizy-factory-16x12.webp 16w\" sizes=\"auto, (max-width: 720px) 100vw, 720px\" \/><figcaption class=\"wp-element-caption\">Taizy-Fabrika<\/figcaption><\/figure>    <h2 class=\"wp-block-heading\">\u0130leti\u015fim Bilgileri<\/h2>    <div class=\"wp-block-buttons is-layout-flex wp-block-buttons-is-layout-flex\"> <div class=\"wp-block-button\"><a class=\"wp-block-button__link wp-element-button\" href=\"https:\/\/wa.me\/+8619139761487\" target=\"_blank\" rel=\"noopener\">WhatsApp ve Mobil Telefon:  86 19139761487<\/a><\/div> <\/div>    <div class=\"wp-block-buttons is-layout-flex wp-block-buttons-is-layout-flex\"> <div class=\"wp-block-button\"><a class=\"wp-block-button__link wp-element-button\" href=\"https:\/\/mail.google.com\/mail\/?tab=rm&amp;authuser=0&amp;ogbl\" target=\"_blank\" rel=\"noopener\">E-posta: info@nut-machine.com<\/a><\/div> <\/div>    <div class=\"wp-block-buttons is-layout-flex wp-block-buttons-is-layout-flex\"> <div class=\"wp-block-button\"><a class=\"wp-block-button__link wp-element-button\">\u015eirket Adresi: Zhengzhou Ekonomik Kalk\u0131nma B\u00f6lgesi, Henan Eyaleti, \u00c7in<\/a><\/div> <\/div>    <blockquote class=\"wp-block-quote is-layout-flow wp-block-quote-is-layout-flow\"><\/blockquote>    <h3 class=\"wp-block-heading\">Sorular\u0131n\u0131z\u0131 G\u00f6nderin<\/h3>    <p>En iyi fabrika fiyat\u0131m\u0131z ve makine teklifimizi almak i\u00e7in l\u00fctfen a\u015fa\u011f\u0131daki bilgilerinizi doldurun.<\/p>    <ul class=\"wp-block-list\"> <li><strong>Ad\u0131n\u0131z<\/strong><\/li>    <li><strong>\u015eirket Ad\u0131n\u0131z<\/strong><\/li>    <li><strong>E-posta Adresi<\/strong><\/li>    <li><strong>WhatsApp \/ Telefon Numaras\u0131<\/strong><\/li>    <li><strong>\u0130htiyac\u0131n\u0131z Olan Makine (F\u0131nd\u0131k T\u00fcr\u00fc, Kapasite, \u00dclke)<\/strong><\/li>    <li><strong>Mesaj\u0131n\u0131z ve Gereksinimleriniz<\/strong><\/li> <\/ul>    <h3 class=\"wp-block-heading\">Avantajlar\u0131m\u0131z<\/h3>    <ul class=\"wp-block-list\"> <li>Do\u011frudan fabrika tedariki, makul fabrika fiyat\u0131<\/li>    <li>CE sertifikal\u0131 y\u00fcksek kaliteli makineler<\/li>    <li>\u00dcretim talebinize g\u00f6re \u00f6zelle\u015ftirilmi\u015f makineler<\/li>    <li>Tam kurulum k\u0131lavuzu ve \u00e7evrimi\u00e7i teknik destek<\/li>    <li>Tek durak f\u0131nd\u0131k i\u015fleme \u00fcretim hatt\u0131 \u00e7\u00f6z\u00fcm\u00fc<\/li>    <li>Zaman\u0131nda sat\u0131\u015f sonras\u0131 hizmet ve yedek par\u00e7a tedariki<\/li> <\/ul>    <figure class=\"wp-block-image aligncenter size-full\"><img loading=\"lazy\" decoding=\"async\" width=\"720\" height=\"540\" src=\"https:\/\/nut-machine.com\/wp-content\/uploads\/2026\/04\/Our-Certifications.webp\" alt=\"Sertifikalar\u0131m\u0131z\" class=\"wp-image-9929\" title=\"\" srcset=\"https:\/\/nut-machine.com\/wp-content\/uploads\/2026\/04\/Our-Certifications.webp 720w, https:\/\/nut-machine.com\/wp-content\/uploads\/2026\/04\/Our-Certifications-480x360.webp 480w, https:\/\/nut-machine.com\/wp-content\/uploads\/2026\/04\/Our-Certifications-240x180.webp 240w, https:\/\/nut-machine.com\/wp-content\/uploads\/2026\/04\/Our-Certifications-16x12.webp 16w\" sizes=\"auto, (max-width: 720px) 100vw, 720px\" \/><figcaption class=\"wp-element-caption\">Sertifikalar\u0131m\u0131z<\/figcaption><\/figure>","protected":false},"excerpt":{"rendered":"<p>Interested? Contact Taizy Today TAIZY \u2014 Nuts Processing Machine Expert Welcome to contact Taizy Machinery, your reliable supplier for complete nut processing solutions. We are a professional manufacturer and supplier of nuts processing machines, including cocoa processing machines, peanut processing machines, pistachio &amp; hazelnut shelling lines, almond processing machines, nut roasting, peeling, cutting, grinding machines, [&hellip;]<\/p>\n","protected":false},"author":1,"featured_media":9919,"parent":0,"menu_order":0,"comment_status":"closed","ping_status":"closed","template":"","meta":{"_kad_blocks_custom_css":"","_kad_blocks_head_custom_js":"","_kad_blocks_body_custom_js":"","_kad_blocks_footer_custom_js":"","footnotes":""},"class_list":["post-200","page","type-page","status-publish","has-post-thumbnail","hentry"],"blocksy_meta":{"page_title_panel":"","has_hero_section":"disabled","e726e47ab4eb2c0ae75fab3fc583fb81":"","hero_section":"type-1","hero_elements":[{"id":"custom_title","enabled":true,"heading_tag":"h1","title":"Ana Sayfa"},{"id":"custom_description","enabled":true,"description_visibility":{"desktop":true,"tablet":true,"mobile":false}},{"id":"custom_meta","enabled":false,"meta_elements":[{"id":"author","enabled":true,"label":"By","has_author_avatar":"yes","avatar_size":25},{"id":"post_date","enabled":true,"label":"On","date_format_source":"default","date_format":"M j, Y"},{"id":"comments","enabled":true}],"page_meta_elements":{"joined":true,"articles_count":true,"comments":true}},{"id":"breadcrumbs","enabled":false}],"29888139438db29ebe60d7151ed266c3":"","hero_alignment1":"left","hero_margin":{"desktop":50,"tablet":30,"mobile":30},"hero_alignment2":"center","hero_vertical_alignment":"center","5db46c844b5ed3c64796e5e3a12bba7a":"","hero_structure":"narrow","20d4d9b00a374f3a71efe099e7a19903":"","page_title_bg_type":"featured_image","custom_hero_background":{"attachment_id":null},"parallax":{"desktop":false,"tablet":false,"mobile":false},"54bb79461e4850635bf61a6f8d09caa6":"","hero_height":"250px","pageTitleFont":{"family":"Default","variation":"Default","size":{"desktop":"32px","tablet":"30px","mobile":"25px"},"line-height":"CT_CSS_SKIP_RULE","letter-spacing":"CT_CSS_SKIP_RULE","text-transform":"CT_CSS_SKIP_RULE","text-decoration":"CT_CSS_SKIP_RULE"},"pageTitleFontColor":{"default":{"color":"CT_CSS_SKIP_RULEDEFAULT"}},"pageMetaFont":{"family":"Default","variation":"n6","size":"12px","line-height":"1.3","letter-spacing":"CT_CSS_SKIP_RULE","text-transform":"uppercase","text-decoration":"CT_CSS_SKIP_RULE"},"pageMetaFontColor":{"default":{"color":"CT_CSS_SKIP_RULEDEFAULT"},"hover":{"color":"CT_CSS_SKIP_RULEDEFAULT"}},"pageExcerptFont":{"family":"Default","variation":"Default","size":"CT_CSS_SKIP_RULE","line-height":"CT_CSS_SKIP_RULE","letter-spacing":"CT_CSS_SKIP_RULE","text-transform":"CT_CSS_SKIP_RULE","text-decoration":"CT_CSS_SKIP_RULE"},"pageExcerptColor":{"default":{"color":"CT_CSS_SKIP_RULEDEFAULT"}},"breadcrumbsFont":{"family":"Default","variation":"n6","size":"12px","line-height":"CT_CSS_SKIP_RULE","letter-spacing":"CT_CSS_SKIP_RULE","text-transform":"uppercase","text-decoration":"CT_CSS_SKIP_RULE"},"breadcrumbsFontColor":{"default":{"color":"CT_CSS_SKIP_RULEDEFAULT"},"initial":{"color":"CT_CSS_SKIP_RULEDEFAULT"},"hover":{"color":"CT_CSS_SKIP_RULEDEFAULT"}},"pageTitleOverlay":{"default":{"color":"CT_CSS_SKIP_RULE"}},"pageTitleBackground":{"background_type":"color","background_pattern":"type-1","background_image":{"attachment_id":null,"x":0,"y":0},"gradient":"linear-gradient(135deg,rgba(6,147,227,1) 0%,rgb(155,81,224) 100%)","background_repeat":"no-repeat","background_size":"auto","background_attachment":"scroll","patternColor":{"default":{"color":"#e5e7ea"}},"overlayColor":{"default":{"color":"CT_CSS_SKIP_RULE"}},"backgroundColor":{"default":{"color":"#EDEFF2"}}},"pageTitlePadding":{"top":"50px","bottom":"50px","left":"auto","right":"auto","linked":true},"41f82a70a9206beb73e7a63b382dca3b":"","page_structure_type":"type-3","content_style":"boxed","vertical_spacing_source":"inherit","content_area_spacing":"both","background":{"background_type":"color","background_pattern":"type-1","background_image":{"attachment_id":null,"x":0,"y":0},"gradient":"linear-gradient(135deg,rgba(6,147,227,1) 0%,rgb(155,81,224) 100%)","background_repeat":"no-repeat","background_size":"auto","background_attachment":"scroll","patternColor":{"default":{"color":"#e5e7ea"}},"overlayColor":{"default":{"color":"CT_CSS_SKIP_RULE"}},"backgroundColor":{"default":{"color":"CT_CSS_SKIP_RULE"}}},"content_background":{"background_type":"color","background_pattern":"type-1","background_image":{"attachment_id":null,"x":0,"y":0},"gradient":"linear-gradient(135deg,rgba(6,147,227,1) 0%,rgb(155,81,224) 100%)","background_repeat":"no-repeat","background_size":"auto","background_attachment":"scroll","patternColor":{"default":{"color":"#e5e7ea"}},"overlayColor":{"default":{"color":"CT_CSS_SKIP_RULE"}},"backgroundColor":{"default":{"color":"#ffffff"}}},"content_boxed_shadow":{"inherit":false,"blur":18,"spread":-6,"v_offset":12,"h_offset":0,"inset":false,"enable":true,"color":{"color":"rgba(34, 56, 101, 0.04)"}},"boxed_content_spacing":{"desktop":{"top":"40px","bottom":"40px","left":"40px","right":"40px","linked":true},"tablet":{"top":"35px","bottom":"35px","left":"35px","right":"35px","linked":true},"mobile":{"top":"20px","bottom":"20px","left":"20px","right":"20px","linked":true}},"content_boxed_radius":{"top":"3px","bottom":"3px","left":"3px","right":"3px","linked":true},"81d51c658a55958e8715ad3bf70e5873":"","disable_featured_image":"no","disable_header":"no","disable_footer":"no","styles_descriptor":{"styles":{"desktop":"","tablet":"","mobile":""},"google_fonts":[],"version":6}},"taxonomy_info":[],"featured_image_src_large":["https:\/\/nut-machine.com\/wp-content\/uploads\/2026\/04\/taizy-factory.webp",720,540,false],"author_info":{"display_name":"nut-machine","author_link":"https:\/\/nut-machine.com\/tr\/author\/taizy\/"},"comment_info":"","_links":{"self":[{"href":"https:\/\/nut-machine.com\/tr\/wp-json\/wp\/v2\/pages\/200","targetHints":{"allow":["GET"]}}],"collection":[{"href":"https:\/\/nut-machine.com\/tr\/wp-json\/wp\/v2\/pages"}],"about":[{"href":"https:\/\/nut-machine.com\/tr\/wp-json\/wp\/v2\/types\/page"}],"author":[{"embeddable":true,"href":"https:\/\/nut-machine.com\/tr\/wp-json\/wp\/v2\/users\/1"}],"replies":[{"embeddable":true,"href":"https:\/\/nut-machine.com\/tr\/wp-json\/wp\/v2\/comments?post=200"}],"version-history":[{"count":15,"href":"https:\/\/nut-machine.com\/tr\/wp-json\/wp\/v2\/pages\/200\/revisions"}],"predecessor-version":[{"id":10041,"href":"https:\/\/nut-machine.com\/tr\/wp-json\/wp\/v2\/pages\/200\/revisions\/10041"}],"wp:featuredmedia":[{"embeddable":true,"href":"https:\/\/nut-machine.com\/tr\/wp-json\/wp\/v2\/media\/9919"}],"wp:attachment":[{"href":"https:\/\/nut-machine.com\/tr\/wp-json\/wp\/v2\/media?parent=200"}],"curies":[{"name":"wp","href":"https:\/\/api.w.org\/{rel}","templated":true}]}}