{"id":198,"date":"2020-10-17T08:45:40","date_gmt":"2020-10-17T08:45:40","guid":{"rendered":"https:\/\/nut-machine.com\/?page_id=198"},"modified":"2026-04-03T16:18:23","modified_gmt":"2026-04-03T08:18:23","slug":"about-us","status":"publish","type":"page","link":"https:\/\/nut-machine.com\/tr\/about-us\/","title":{"rendered":"Hakk\u0131m\u0131zda"},"content":{"rendered":"<h2 class=\"wp-block-heading\">Zhengzhou Taizy Mekanik Ekipman A.\u015e.<\/h2>    <p class=\"translation-block\"><strong><mark class=\"has-inline-color has-palette-color-1-color\"><a href=\"https:\/\/nut-machine.com\/tr\/\">Zhengzhou Taizy Mekanik Ekipmanlar\u0131 Ltd. \u015eti.<\/a><\/mark><\/strong> k\u00fcresel kuruyemi\u015f i\u015fleme makineleri \u00e7\u00f6z\u00fcmlerinin \u00f6nde gelen \u00fcreticisi ve tedarik\u00e7isidir, g\u0131da i\u015fleme i\u015fletmelerine en son teknolojiyi ve g\u00fcvenilir ekipmanlar\u0131 g\u00fc\u00e7lendirmeye adanm\u0131\u015ft\u0131r.<\/p>    <figure class=\"wp-block-image aligncenter size-full is-resized\"><img loading=\"lazy\" decoding=\"async\" width=\"720\" height=\"540\" src=\"https:\/\/nut-machine.com\/wp-content\/uploads\/2026\/04\/taizy-factory.webp\" alt=\"taizy-factory\" class=\"wp-image-9919\" style=\"width:809px;height:auto\" title=\"\" srcset=\"https:\/\/nut-machine.com\/wp-content\/uploads\/2026\/04\/taizy-factory.webp 720w, https:\/\/nut-machine.com\/wp-content\/uploads\/2026\/04\/taizy-factory-480x360.webp 480w, https:\/\/nut-machine.com\/wp-content\/uploads\/2026\/04\/taizy-factory-240x180.webp 240w, https:\/\/nut-machine.com\/wp-content\/uploads\/2026\/04\/taizy-factory-16x12.webp 16w\" sizes=\"auto, (max-width: 720px) 100vw, 720px\" \/><figcaption class=\"wp-element-caption\">Taizy-Fabrika<\/figcaption><\/figure>    <h2 class=\"wp-block-heading\">Biz Kimiz<\/h2>    <p class=\"translation-block\">M\u00fckemmelli\u011fe ba\u011fl\u0131l\u0131kla kurulan Taizy, <strong><mark class=\"has-inline-color has-palette-color-1-color\">Shuliy Group<\/mark><\/strong>'un bir yan kurulu\u015fudur ve makine \u00fcretim sekt\u00f6r\u00fcnde tan\u0131nm\u0131\u015f bir isimdir. 15 y\u0131l\u0131 a\u015fk\u0131n sekt\u00f6r deneyimiyle, Taizy k\u00fcresel kuruyemi\u015f i\u015fleme end\u00fcstrisinde g\u00fcvenilir bir marka haline gelmi\u015ftir. \u00c7in'in Zhengzhou \u015fehrinde merkezlidir\u2014bu \u015fehir end\u00fcstriyel \u00fcretim miras\u0131yla tan\u0131n\u0131r\u2014ve kalite i\u015f\u00e7ili\u011fi, teknik yenilik ve sars\u0131lmaz m\u00fc\u015fteri ba\u011fl\u0131l\u0131\u011f\u0131 \u00fczerine itibar\u0131n\u0131 in\u015fa etmi\u015ftir.<\/p>    <p>Shuliy Grubu'nun g\u00fc\u00e7l\u00fc kaynaklar\u0131 ve uzmanl\u0131\u011f\u0131yla desteklenen, k\u00fc\u00e7\u00fck bir at\u00f6lyeden modern \u00fcretim tesislerine, profesyonel Ar-Ge ekibine ve k\u00fcresel da\u011f\u0131t\u0131m a\u011f\u0131na sahip bir modern \u00fcretim i\u015fletmesine d\u00f6n\u00fc\u015ft\u00fck. Yolculu\u011fumuz s\u00fcrekli b\u00fcy\u00fcme, teknolojik at\u0131l\u0131mlar ve 50'den fazla \u00fclkedeki m\u00fc\u015fterilerle uzun vadeli ortakl\u0131klar ile i\u015faretlenmi\u015ftir.<\/p>    <p>Kabuk soyma, kavurma, soyma, kesme ve paketleme gibi \u00e7e\u015fitli kuruyemi\u015f ve tohumlar i\u00e7in y\u00fcksek kaliteli makinelerin tasar\u0131m\u0131, \u00fcretimi ve da\u011f\u0131t\u0131m\u0131nda uzman\u0131z. Shuliy Grubu'nun geni\u015f teknik kaynaklar\u0131ndan ve kuruyemi\u015f i\u015fleme zorluklar\u0131na derin anlay\u0131\u015f\u0131m\u0131zdan yararlanarak, m\u00fc\u015fterilerimizin ihtiya\u00e7lar\u0131n\u0131 ger\u00e7ekten kar\u015f\u0131layan \u00e7\u00f6z\u00fcmler sunuyoruz.<\/p>    <figure class=\"wp-block-image aligncenter size-full\"><img loading=\"lazy\" decoding=\"async\" width=\"720\" height=\"540\" src=\"https:\/\/nut-machine.com\/wp-content\/uploads\/2026\/04\/Shuliys-customers.webp\" alt=\"Shuliy&#039;nin m\u00fc\u015fterileri\" class=\"wp-image-9924\" title=\"\" srcset=\"https:\/\/nut-machine.com\/wp-content\/uploads\/2026\/04\/Shuliys-customers.webp 720w, https:\/\/nut-machine.com\/wp-content\/uploads\/2026\/04\/Shuliys-customers-480x360.webp 480w, https:\/\/nut-machine.com\/wp-content\/uploads\/2026\/04\/Shuliys-customers-240x180.webp 240w, https:\/\/nut-machine.com\/wp-content\/uploads\/2026\/04\/Shuliys-customers-16x12.webp 16w\" sizes=\"auto, (max-width: 720px) 100vw, 720px\" \/><figcaption class=\"wp-element-caption\">Shuliy\u2019nin M\u00fc\u015fterileri<\/figcaption><\/figure>    <h3 class=\"wp-block-heading\">\u00dcr\u00fcn Portf\u00f6y\u00fcm\u00fcz<\/h3>    <p>Geni\u015f \u00fcr\u00fcn yelpazemiz \u015funlar\u0131 i\u00e7ermektedir:<\/p>    <ul class=\"wp-block-list\"> <li><strong><a href=\"https:\/\/nut-machine.com\/tr\/products\/shelling-cracking\/\">Kuruyemi\u015f Kabuk Soyma Makineleri<\/a><\/strong> \u2013 Yerf\u0131st\u0131\u011f\u0131, ceviz, badem, kaju ve daha fazlas\u0131 i\u00e7in verimli ekipmanlar<\/li>    <li><strong><a href=\"https:\/\/nut-machine.com\/tr\/peanut-roaster\/\">Kuruyemi\u015f Kavurma Makineleri <\/a><\/strong>\u2013 Enerji verimli d\u00f6ner tambur kavurma makineleri, hassas s\u0131cakl\u0131k kontrol\u00fc ile<\/li>    <li>Soyma ve Temizleme Ekipmanlar\u0131 \u2013 Yerf\u0131st\u0131\u011f\u0131 soyma ve kakao \u00e7ekirde\u011fi i\u015fleme i\u00e7in geli\u015fmi\u015f \u00e7\u00f6z\u00fcmler<\/li>    <li>Kesen ve \u015eekillendirme Makineleri \u2013 Yerf\u0131st\u0131\u011f\u0131 barlar\u0131, chikki ve kaplamal\u0131 kuruyemi\u015fler i\u00e7in \u00f6zel makineler<\/li>    <li><strong><a href=\"https:\/\/nut-machine.com\/tr\/products\/nut-processing-plant\/\">Tam \u0130\u015fleme Hatlar\u0131<\/a><\/strong> \u2013 Ham madde i\u015fleme\u2019den bitmi\u015f \u00fcr\u00fcn paketlemeye kadar anahtar teslim \u00e7\u00f6z\u00fcmler<\/li> <\/ul>    <figure class=\"wp-block-image aligncenter size-full\"><img loading=\"lazy\" decoding=\"async\" width=\"720\" height=\"540\" src=\"https:\/\/nut-machine.com\/wp-content\/uploads\/2026\/04\/Factory-Diagram-of-the-Machine.webp\" alt=\"Factory Diagram of the Machine\" class=\"wp-image-9927\" title=\"\" srcset=\"https:\/\/nut-machine.com\/wp-content\/uploads\/2026\/04\/Factory-Diagram-of-the-Machine.webp 720w, https:\/\/nut-machine.com\/wp-content\/uploads\/2026\/04\/Factory-Diagram-of-the-Machine-480x360.webp 480w, https:\/\/nut-machine.com\/wp-content\/uploads\/2026\/04\/Factory-Diagram-of-the-Machine-240x180.webp 240w, https:\/\/nut-machine.com\/wp-content\/uploads\/2026\/04\/Factory-Diagram-of-the-Machine-16x12.webp 16w\" sizes=\"auto, (max-width: 720px) 100vw, 720px\" \/><figcaption class=\"wp-element-caption\">Makinenin Fabrika Diyagram\u0131<\/figcaption><\/figure>    <h3 class=\"wp-block-heading\">Neden Taizy?<\/h3>    <div class=\"wp-block-columns is-layout-flex wp-container-core-columns-is-layout-28f84493 wp-block-columns-is-layout-flex\"> <div class=\"wp-block-column is-layout-flow wp-block-column-is-layout-flow\"> <h3 class=\"wp-block-heading has-text-align-center\"><mark style=\"background-color:rgba(0, 0, 0, 0)\" class=\"has-inline-color has-palette-color-1-color\">15  Y\u0131ll\u0131k Deneyim<\/mark><\/h3>    <p> Derin end\u00fcstri bilgisi ve kan\u0131tlanm\u0131\u015f ba\u015far\u0131<\/p> <\/div>    <div class=\"wp-block-column is-layout-flow wp-block-column-is-layout-flow\"> <h3 class=\"wp-block-heading has-text-align-center\"><mark style=\"background-color:rgba(0, 0, 0, 0)\" class=\"has-inline-color has-palette-color-1-color\">Kalite G\u00fcvencesi <\/mark><\/h3>    <p>T\u00fcm ekipmanlar uluslararas\u0131 g\u0131da hijyeni ve g\u00fcvenlik standartlar\u0131n\u0131 kar\u015f\u0131lamaktad\u0131r<\/p> <\/div> <\/div>    <div class=\"wp-block-columns is-layout-flex wp-container-core-columns-is-layout-28f84493 wp-block-columns-is-layout-flex\"> <div class=\"wp-block-column is-layout-flow wp-block-column-is-layout-flow\"> <h3 class=\"wp-block-heading has-text-align-center\"><mark style=\"background-color:rgba(0, 0, 0, 0)\" class=\"has-inline-color has-palette-color-1-color\"> Yenilik Odakl\u0131 <\/mark><\/h3>    <p>Verimlilik ve performans\u0131 art\u0131rmak i\u00e7in s\u00fcrekli Ar-Ge yat\u0131r\u0131m\u0131<\/p> <\/div>    <div class=\"wp-block-column is-layout-flow wp-block-column-is-layout-flow\"> <h3 class=\"wp-block-heading has-text-align-center\"><mark style=\"background-color:rgba(0, 0, 0, 0)\" class=\"has-inline-color has-palette-color-1-color\">Enerji Verimlili\u011fi<\/mark><\/h3>    <p>Makinelerimiz, \u00e7\u0131k\u0131\u015f\u0131 maksimize ederken g\u00fc\u00e7 t\u00fcketimini minimize etmek \u00fczere tasarlanm\u0131\u015ft\u0131r<\/p> <\/div> <\/div>    <div class=\"wp-block-columns is-layout-flex wp-container-core-columns-is-layout-28f84493 wp-block-columns-is-layout-flex\"> <div class=\"wp-block-column is-layout-flow wp-block-column-is-layout-flow\"> <h3 class=\"wp-block-heading has-text-align-center\"><mark style=\"background-color:rgba(0, 0, 0, 0)\" class=\"has-inline-color has-palette-color-1-color\">K\u00fcresel Eri\u015fim<\/mark><\/h3>    <p>\u00c7ok say\u0131da k\u0131tada m\u00fc\u015fterilere yerelle\u015ftirilmi\u015f destek sa\u011flama<\/p> <\/div>    <div class=\"wp-block-column is-layout-flow wp-block-column-is-layout-flow\"> <h3 class=\"wp-block-heading has-text-align-center\"><mark style=\"background-color:rgba(0, 0, 0, 0)\" class=\"has-inline-color has-palette-color-1-color\">Uzman Destek <\/mark><\/h3>    <p>Kurulumdan sat\u0131\u015f sonras\u0131 hizmetlere kadar kapsaml\u0131 teknik rehberlik<\/p> <\/div> <\/div>    <figure class=\"wp-block-image aligncenter size-full\"><img loading=\"lazy\" decoding=\"async\" width=\"720\" height=\"540\" src=\"https:\/\/nut-machine.com\/wp-content\/uploads\/2026\/04\/Our-Certifications.webp\" alt=\"Sertifikalar\u0131m\u0131z\" class=\"wp-image-9929\" title=\"\" srcset=\"https:\/\/nut-machine.com\/wp-content\/uploads\/2026\/04\/Our-Certifications.webp 720w, https:\/\/nut-machine.com\/wp-content\/uploads\/2026\/04\/Our-Certifications-480x360.webp 480w, https:\/\/nut-machine.com\/wp-content\/uploads\/2026\/04\/Our-Certifications-240x180.webp 240w, https:\/\/nut-machine.com\/wp-content\/uploads\/2026\/04\/Our-Certifications-16x12.webp 16w\" sizes=\"auto, (max-width: 720px) 100vw, 720px\" \/><figcaption class=\"wp-element-caption\">Sertifikalar\u0131m\u0131z<\/figcaption><\/figure>    <h3 class=\"wp-block-heading\">Misyonumuz<\/h3>    <p>Taizy'de, yenilik\u00e7i makine \u00e7\u00f6z\u00fcmleriyle kuruyemi\u015f i\u015fleme i\u015fletmelerinin operasyonel m\u00fckemmeliyete ula\u015fmas\u0131na yard\u0131mc\u0131 olmaya kararl\u0131y\u0131z. \u0130ster k\u00fc\u00e7\u00fck \u00f6l\u00e7ekli \u00fcretici olun, ister b\u00fcy\u00fck end\u00fcstriyel operasyon, \u00fcretiminizi optimize etmek ve k\u00e2rl\u0131l\u0131\u011f\u0131n\u0131z\u0131 art\u0131rmak i\u00e7in ara\u00e7lar ve uzmanl\u0131k sa\u011fl\u0131yoruz.<\/p>    <p>Bug\u00fcn bizimle ileti\u015fime ge\u00e7in ve Taizy'nin kuruyemi\u015f i\u015fleme operasyonlar\u0131n\u0131z\u0131 nas\u0131l d\u00f6n\u00fc\u015ft\u00fcrebilece\u011fini ke\u015ffedin.<\/p>    <figure class=\"wp-block-image aligncenter size-full\"><img loading=\"lazy\" decoding=\"async\" width=\"720\" height=\"540\" src=\"https:\/\/nut-machine.com\/wp-content\/uploads\/2026\/04\/We-ship-to-customers-worldwide-around-the-clock.webp\" alt=\"D\u00fcnyan\u0131n d\u00f6rt bir yan\u0131ndaki m\u00fc\u015fterilere 7\/24 sevkiyat yap\u0131yoruz\" class=\"wp-image-9932\" title=\"\" srcset=\"https:\/\/nut-machine.com\/wp-content\/uploads\/2026\/04\/We-ship-to-customers-worldwide-around-the-clock.webp 720w, https:\/\/nut-machine.com\/wp-content\/uploads\/2026\/04\/We-ship-to-customers-worldwide-around-the-clock-480x360.webp 480w, https:\/\/nut-machine.com\/wp-content\/uploads\/2026\/04\/We-ship-to-customers-worldwide-around-the-clock-240x180.webp 240w, https:\/\/nut-machine.com\/wp-content\/uploads\/2026\/04\/We-ship-to-customers-worldwide-around-the-clock-16x12.webp 16w\" sizes=\"auto, (max-width: 720px) 100vw, 720px\" \/><figcaption class=\"wp-element-caption\">D\u00fcnyan\u0131n d\u00f6rt bir yan\u0131ndaki m\u00fc\u015fterilere 7\/24 sevkiyat yap\u0131yoruz<\/figcaption><\/figure>","protected":false},"excerpt":{"rendered":"<p>Zhengzhou Taizy Mechanical Equipment Co., LTD. Zhengzhou Taizy Mechanical Equipment Co., Ltd. is a leading manufacturer and supplier of comprehensive nut processing machinery solutions, dedicated to empowering food processing businesses worldwide with cutting-edge technology and reliable equipment. Who We Are Established with a commitment to excellence, Taizy is a subsidiary of Shuliy Group, a renowned [&hellip;]<\/p>\n","protected":false},"author":1,"featured_media":0,"parent":0,"menu_order":0,"comment_status":"closed","ping_status":"closed","template":"","meta":{"_kad_blocks_custom_css":"","_kad_blocks_head_custom_js":"","_kad_blocks_body_custom_js":"","_kad_blocks_footer_custom_js":"","footnotes":""},"class_list":["post-198","page","type-page","status-publish","hentry"],"blocksy_meta":{"styles_descriptor":{"styles":{"desktop":"","tablet":"","mobile":""},"google_fonts":[],"version":6}},"taxonomy_info":[],"featured_image_src_large":false,"author_info":{"display_name":"nut-machine","author_link":"https:\/\/nut-machine.com\/tr\/author\/taizy\/"},"comment_info":"","_links":{"self":[{"href":"https:\/\/nut-machine.com\/tr\/wp-json\/wp\/v2\/pages\/198","targetHints":{"allow":["GET"]}}],"collection":[{"href":"https:\/\/nut-machine.com\/tr\/wp-json\/wp\/v2\/pages"}],"about":[{"href":"https:\/\/nut-machine.com\/tr\/wp-json\/wp\/v2\/types\/page"}],"author":[{"embeddable":true,"href":"https:\/\/nut-machine.com\/tr\/wp-json\/wp\/v2\/users\/1"}],"replies":[{"embeddable":true,"href":"https:\/\/nut-machine.com\/tr\/wp-json\/wp\/v2\/comments?post=198"}],"version-history":[{"count":10,"href":"https:\/\/nut-machine.com\/tr\/wp-json\/wp\/v2\/pages\/198\/revisions"}],"predecessor-version":[{"id":9939,"href":"https:\/\/nut-machine.com\/tr\/wp-json\/wp\/v2\/pages\/198\/revisions\/9939"}],"wp:attachment":[{"href":"https:\/\/nut-machine.com\/tr\/wp-json\/wp\/v2\/media?parent=198"}],"curies":[{"name":"wp","href":"https:\/\/api.w.org\/{rel}","templated":true}]}}