{"id":198,"date":"2020-10-17T08:45:40","date_gmt":"2020-10-17T08:45:40","guid":{"rendered":"https:\/\/nut-machine.com\/?page_id=198"},"modified":"2026-04-03T16:18:23","modified_gmt":"2026-04-03T08:18:23","slug":"about-us","status":"publish","type":"page","link":"https:\/\/nut-machine.com\/pt\/about-us\/","title":{"rendered":"Sobre n\u00f3s"},"content":{"rendered":"<h2 class=\"wp-block-heading\">Equipamento mec\u00e2nico Co. de Zhengzhou Taizy, LTD.<\/h2>    <p class=\"translation-block\"><strong><mark class=\"has-inline-color has-palette-color-1-color\"><a href=\"https:\/\/nut-machine.com\/pt\/\">A Zhengzhou Taizy Mechanical Equipment Co., Ltd.<\/a><\/mark><\/strong> \u00e9 um fabricante l\u00edder e fornecedor de solu\u00e7\u00f5es completas de maquinaria para processamento de nozes, dedicada a capacitar empresas de processamento de alimentos em todo o mundo com tecnologia de ponta e equipamentos confi\u00e1veis.<\/p>    <figure class=\"wp-block-image aligncenter size-full is-resized\"><img loading=\"lazy\" decoding=\"async\" width=\"720\" height=\"540\" src=\"https:\/\/nut-machine.com\/wp-content\/uploads\/2026\/04\/taizy-factory.webp\" alt=\"f\u00e1brica-taizy\" class=\"wp-image-9919\" style=\"width:809px;height:auto\" title=\"\" srcset=\"https:\/\/nut-machine.com\/wp-content\/uploads\/2026\/04\/taizy-factory.webp 720w, https:\/\/nut-machine.com\/wp-content\/uploads\/2026\/04\/taizy-factory-480x360.webp 480w, https:\/\/nut-machine.com\/wp-content\/uploads\/2026\/04\/taizy-factory-240x180.webp 240w, https:\/\/nut-machine.com\/wp-content\/uploads\/2026\/04\/taizy-factory-16x12.webp 16w\" sizes=\"auto, (max-width: 720px) 100vw, 720px\" \/><figcaption class=\"wp-element-caption\">F\u00e1brica Taizy<\/figcaption><\/figure>    <h2 class=\"wp-block-heading\">Quem Somos<\/h2>    <p class=\"translation-block\">Fundada com um compromisso de excel\u00eancia, a Taizy \u00e9 uma subsidi\u00e1ria do <strong><mark class=\"has-inline-color has-palette-color-1-color\">Grupo Shuliy<\/mark><\/strong>, um nome reconhecido no setor de fabrica\u00e7\u00e3o de maquinaria. Com mais de 15 anos de experi\u00eancia na ind\u00fastria, a Taizy cresceu para se tornar uma marca confi\u00e1vel na ind\u00fastria global de processamento de nozes. Com sede em Zhengzhou, China \u2014 uma cidade conhecida pelo seu patrim\u00f3nio de fabrica\u00e7\u00e3o industrial \u2014 constru\u00edmos a nossa reputa\u00e7\u00e3o com base na qualidade artesanal, inova\u00e7\u00e3o t\u00e9cnica e dedica\u00e7\u00e3o inabal\u00e1vel ao cliente.<\/p>    <p>Apoiado pelos recursos e expertise do Grupo Shuliy, evolu\u00edmos de uma pequena oficina para uma empresa moderna de fabrica\u00e7\u00e3o com instala\u00e7\u00f5es de produ\u00e7\u00e3o de \u00faltima gera\u00e7\u00e3o, uma equipa de P&amp;D profissional e uma rede de distribui\u00e7\u00e3o global. A nossa jornada tem sido marcada por crescimento cont\u00ednuo, avan\u00e7os tecnol\u00f3gicos e parcerias de longo prazo com clientes em mais de 50 pa\u00edses.<\/p>    <p>Especializamo-nos no design, fabrica\u00e7\u00e3o e distribui\u00e7\u00e3o de uma vasta gama de maquinaria de alta qualidade para descasque, torrefa\u00e7\u00e3o, descascamento, corte e embalagem de v\u00e1rias nozes e sementes. Aproveitando os recursos t\u00e9cnicos extensivos do Grupo Shuliy e a nossa compreens\u00e3o profunda dos desafios do processamento de nozes, fornecemos solu\u00e7\u00f5es que realmente atendem \u00e0s necessidades dos nossos clientes.<\/p>    <figure class=\"wp-block-image aligncenter size-full\"><img loading=\"lazy\" decoding=\"async\" width=\"720\" height=\"540\" src=\"https:\/\/nut-machine.com\/wp-content\/uploads\/2026\/04\/Shuliys-customers.webp\" alt=\"Clientes da Shuliy\" class=\"wp-image-9924\" title=\"\" srcset=\"https:\/\/nut-machine.com\/wp-content\/uploads\/2026\/04\/Shuliys-customers.webp 720w, https:\/\/nut-machine.com\/wp-content\/uploads\/2026\/04\/Shuliys-customers-480x360.webp 480w, https:\/\/nut-machine.com\/wp-content\/uploads\/2026\/04\/Shuliys-customers-240x180.webp 240w, https:\/\/nut-machine.com\/wp-content\/uploads\/2026\/04\/Shuliys-customers-16x12.webp 16w\" sizes=\"auto, (max-width: 720px) 100vw, 720px\" \/><figcaption class=\"wp-element-caption\">Clientes da Shuliy<\/figcaption><\/figure>    <h3 class=\"wp-block-heading\">O Nosso Portef\u00f3lio de Produtos<\/h3>    <p>A nossa vasta gama de produtos inclui:<\/p>    <ul class=\"wp-block-list\"> <li><strong><a href=\"https:\/\/nut-machine.com\/pt\/products\/shelling-cracking\/\">M\u00e1quinas de descasque de nozes<\/a><\/strong> \u2013 Equipamentos eficientes para amendoim, nozes, am\u00eandoas, caju, e mais<\/li>    <li><strong><a href=\"https:\/\/nut-machine.com\/pt\/peanut-roaster\/\">M\u00e1quinas de torrefa\u00e7\u00e3o de nozes <\/a><\/strong>\u2013 Torradores de tambor rotativo eficientes em energia com controlo de temperatura preciso<\/li>    <li>Equipamentos de descasque e limpeza \u2013 Solu\u00e7\u00f5es avan\u00e7adas para descasque de amendoim e processamento de gr\u00e3os de cacau<\/li>    <li>M\u00e1quinas de corte e forma\u00e7\u00e3o \u2013 M\u00e1quinas especializadas para barras de amendoim, chikki e nozes revestidas<\/li>    <li><strong><a href=\"https:\/\/nut-machine.com\/pt\/products\/nut-processing-plant\/\">Linhas de processamento completas<\/a><\/strong> \u2013 Solu\u00e7\u00f5es turnkey desde o manuseio de mat\u00e9rias-primas at\u00e9 ao embalamento do produto final<\/li> <\/ul>    <figure class=\"wp-block-image aligncenter size-full\"><img loading=\"lazy\" decoding=\"async\" width=\"720\" height=\"540\" src=\"https:\/\/nut-machine.com\/wp-content\/uploads\/2026\/04\/Factory-Diagram-of-the-Machine.webp\" alt=\"Factory Diagram of the Machine\" class=\"wp-image-9927\" title=\"\" srcset=\"https:\/\/nut-machine.com\/wp-content\/uploads\/2026\/04\/Factory-Diagram-of-the-Machine.webp 720w, https:\/\/nut-machine.com\/wp-content\/uploads\/2026\/04\/Factory-Diagram-of-the-Machine-480x360.webp 480w, https:\/\/nut-machine.com\/wp-content\/uploads\/2026\/04\/Factory-Diagram-of-the-Machine-240x180.webp 240w, https:\/\/nut-machine.com\/wp-content\/uploads\/2026\/04\/Factory-Diagram-of-the-Machine-16x12.webp 16w\" sizes=\"auto, (max-width: 720px) 100vw, 720px\" \/><figcaption class=\"wp-element-caption\">Diagrama da F\u00e1brica da M\u00e1quina<\/figcaption><\/figure>    <h3 class=\"wp-block-heading\">Por que escolher a Taizy?<\/h3>    <div class=\"wp-block-columns is-layout-flex wp-container-core-columns-is-layout-28f84493 wp-block-columns-is-layout-flex\"> <div class=\"wp-block-column is-layout-flow wp-block-column-is-layout-flow\"> <h3 class=\"wp-block-heading has-text-align-center\"><mark style=\"background-color:rgba(0, 0, 0, 0)\" class=\"has-inline-color has-palette-color-1-color\">Mais de 15 anos de experi\u00eancia<\/mark><\/h3>    <p> Conhecimento profundo da ind\u00fastria e hist\u00f3rico comprovado<\/p> <\/div>    <div class=\"wp-block-column is-layout-flow wp-block-column-is-layout-flow\"> <h3 class=\"wp-block-heading has-text-align-center\"><mark style=\"background-color:rgba(0, 0, 0, 0)\" class=\"has-inline-color has-palette-color-1-color\">Garantia da Qualidade <\/mark><\/h3>    <p>Todos os equipamentos cumprem os padr\u00f5es internacionais de higiene e seguran\u00e7a alimentar<\/p> <\/div> <\/div>    <div class=\"wp-block-columns is-layout-flex wp-container-core-columns-is-layout-28f84493 wp-block-columns-is-layout-flex\"> <div class=\"wp-block-column is-layout-flow wp-block-column-is-layout-flow\"> <h3 class=\"wp-block-heading has-text-align-center\"><mark style=\"background-color:rgba(0, 0, 0, 0)\" class=\"has-inline-color has-palette-color-1-color\"> Orientado para a inova\u00e7\u00e3o <\/mark><\/h3>    <p>Investimento cont\u00ednuo em P&amp;D para melhorar efici\u00eancia e desempenho<\/p> <\/div>    <div class=\"wp-block-column is-layout-flow wp-block-column-is-layout-flow\"> <h3 class=\"wp-block-heading has-text-align-center\"><mark style=\"background-color:rgba(0, 0, 0, 0)\" class=\"has-inline-color has-palette-color-1-color\">Efici\u00eancia energ\u00e9tica<\/mark><\/h3>    <p>As nossas m\u00e1quinas s\u00e3o projetadas para minimizar o consumo de energia enquanto maximizam a produ\u00e7\u00e3o<\/p> <\/div> <\/div>    <div class=\"wp-block-columns is-layout-flex wp-container-core-columns-is-layout-28f84493 wp-block-columns-is-layout-flex\"> <div class=\"wp-block-column is-layout-flow wp-block-column-is-layout-flow\"> <h3 class=\"wp-block-heading has-text-align-center\"><mark style=\"background-color:rgba(0, 0, 0, 0)\" class=\"has-inline-color has-palette-color-1-color\">Alcance Global<\/mark><\/h3>    <p>Atendendo clientes em v\u00e1rios continentes com suporte localizado<\/p> <\/div>    <div class=\"wp-block-column is-layout-flow wp-block-column-is-layout-flow\"> <h3 class=\"wp-block-heading has-text-align-center\"><mark style=\"background-color:rgba(0, 0, 0, 0)\" class=\"has-inline-color has-palette-color-1-color\">Suporte Especializado <\/mark><\/h3>    <p>Orienta\u00e7\u00e3o t\u00e9cnica abrangente desde a instala\u00e7\u00e3o at\u00e9 ao servi\u00e7o p\u00f3s-venda<\/p> <\/div> <\/div>    <figure class=\"wp-block-image aligncenter size-full\"><img loading=\"lazy\" decoding=\"async\" width=\"720\" height=\"540\" src=\"https:\/\/nut-machine.com\/wp-content\/uploads\/2026\/04\/Our-Certifications.webp\" alt=\"As nossas Certifica\u00e7\u00f5es\" class=\"wp-image-9929\" title=\"\" srcset=\"https:\/\/nut-machine.com\/wp-content\/uploads\/2026\/04\/Our-Certifications.webp 720w, https:\/\/nut-machine.com\/wp-content\/uploads\/2026\/04\/Our-Certifications-480x360.webp 480w, https:\/\/nut-machine.com\/wp-content\/uploads\/2026\/04\/Our-Certifications-240x180.webp 240w, https:\/\/nut-machine.com\/wp-content\/uploads\/2026\/04\/Our-Certifications-16x12.webp 16w\" sizes=\"auto, (max-width: 720px) 100vw, 720px\" \/><figcaption class=\"wp-element-caption\">As nossas Certifica\u00e7\u00f5es<\/figcaption><\/figure>    <h3 class=\"wp-block-heading\">A Nossa Miss\u00e3o<\/h3>    <p>Na Taizy, estamos comprometidos em ajudar empresas de processamento de nozes a alcan\u00e7ar a excel\u00eancia operacional atrav\u00e9s de solu\u00e7\u00f5es inovadoras de maquinaria. Seja voc\u00ea um pequeno produtor ou uma grande opera\u00e7\u00e3o industrial, fornecemos as ferramentas e a expertise para otimizar a sua produ\u00e7\u00e3o e maximizar a sua rentabilidade.<\/p>    <p>Contacte-nos hoje para descobrir como a Taizy pode transformar as suas opera\u00e7\u00f5es de processamento de nozes.<\/p>    <figure class=\"wp-block-image aligncenter size-full\"><img loading=\"lazy\" decoding=\"async\" width=\"720\" height=\"540\" src=\"https:\/\/nut-machine.com\/wp-content\/uploads\/2026\/04\/We-ship-to-customers-worldwide-around-the-clock.webp\" alt=\"Enviamos para clientes em todo o mundo 24 horas por dia\" class=\"wp-image-9932\" title=\"\" srcset=\"https:\/\/nut-machine.com\/wp-content\/uploads\/2026\/04\/We-ship-to-customers-worldwide-around-the-clock.webp 720w, https:\/\/nut-machine.com\/wp-content\/uploads\/2026\/04\/We-ship-to-customers-worldwide-around-the-clock-480x360.webp 480w, https:\/\/nut-machine.com\/wp-content\/uploads\/2026\/04\/We-ship-to-customers-worldwide-around-the-clock-240x180.webp 240w, https:\/\/nut-machine.com\/wp-content\/uploads\/2026\/04\/We-ship-to-customers-worldwide-around-the-clock-16x12.webp 16w\" sizes=\"auto, (max-width: 720px) 100vw, 720px\" \/><figcaption class=\"wp-element-caption\">Enviamos para clientes em todo o mundo 24 horas por dia<\/figcaption><\/figure>","protected":false},"excerpt":{"rendered":"<p>Zhengzhou Taizy Mechanical Equipment Co., LTD. Zhengzhou Taizy Mechanical Equipment Co., Ltd. is a leading manufacturer and supplier of comprehensive nut processing machinery solutions, dedicated to empowering food processing businesses worldwide with cutting-edge technology and reliable equipment. Who We Are Established with a commitment to excellence, Taizy is a subsidiary of Shuliy Group, a renowned [&hellip;]<\/p>\n","protected":false},"author":1,"featured_media":0,"parent":0,"menu_order":0,"comment_status":"closed","ping_status":"closed","template":"","meta":{"_kad_blocks_custom_css":"","_kad_blocks_head_custom_js":"","_kad_blocks_body_custom_js":"","_kad_blocks_footer_custom_js":"","footnotes":""},"class_list":["post-198","page","type-page","status-publish","hentry"],"blocksy_meta":{"styles_descriptor":{"styles":{"desktop":"","tablet":"","mobile":""},"google_fonts":[],"version":6}},"taxonomy_info":[],"featured_image_src_large":false,"author_info":{"display_name":"nut-machine","author_link":"https:\/\/nut-machine.com\/pt\/author\/taizy\/"},"comment_info":"","_links":{"self":[{"href":"https:\/\/nut-machine.com\/pt\/wp-json\/wp\/v2\/pages\/198","targetHints":{"allow":["GET"]}}],"collection":[{"href":"https:\/\/nut-machine.com\/pt\/wp-json\/wp\/v2\/pages"}],"about":[{"href":"https:\/\/nut-machine.com\/pt\/wp-json\/wp\/v2\/types\/page"}],"author":[{"embeddable":true,"href":"https:\/\/nut-machine.com\/pt\/wp-json\/wp\/v2\/users\/1"}],"replies":[{"embeddable":true,"href":"https:\/\/nut-machine.com\/pt\/wp-json\/wp\/v2\/comments?post=198"}],"version-history":[{"count":10,"href":"https:\/\/nut-machine.com\/pt\/wp-json\/wp\/v2\/pages\/198\/revisions"}],"predecessor-version":[{"id":9939,"href":"https:\/\/nut-machine.com\/pt\/wp-json\/wp\/v2\/pages\/198\/revisions\/9939"}],"wp:attachment":[{"href":"https:\/\/nut-machine.com\/pt\/wp-json\/wp\/v2\/media?parent=198"}],"curies":[{"name":"wp","href":"https:\/\/api.w.org\/{rel}","templated":true}]}}