{"id":198,"date":"2020-10-17T08:45:40","date_gmt":"2020-10-17T08:45:40","guid":{"rendered":"https:\/\/nut-machine.com\/?page_id=198"},"modified":"2026-04-03T16:18:23","modified_gmt":"2026-04-03T08:18:23","slug":"about-us","status":"publish","type":"page","link":"https:\/\/nut-machine.com\/fr\/about-us\/","title":{"rendered":"\u00c0 propos de nous"},"content":{"rendered":"<h2 class=\"wp-block-heading\">\u00c9quipement m\u00e9canique Cie., LTD de Zhengzhou Taizy.<\/h2>    <p class=\"translation-block\"><strong><mark class=\"has-inline-color has-palette-color-1-color\"><a href=\"https:\/\/nut-machine.com\/fr\/\">Zhengzhou Taizy Mechanical Equipment Co., Ltd.<\/a><\/mark><\/strong> est un fabricant et fournisseur leader de solutions compl\u00e8tes de machines de traitement des noix, d\u00e9di\u00e9 \u00e0 l'autonomisation des entreprises de transformation alimentaire dans le monde entier avec une technologie de pointe et un \u00e9quipement fiable.<\/p>    <figure class=\"wp-block-image aligncenter size-full is-resized\"><img loading=\"lazy\" decoding=\"async\" width=\"720\" height=\"540\" src=\"https:\/\/nut-machine.com\/wp-content\/uploads\/2026\/04\/taizy-factory.webp\" alt=\"taizy-factory\" class=\"wp-image-9919\" style=\"width:809px;height:auto\" title=\"\" srcset=\"https:\/\/nut-machine.com\/wp-content\/uploads\/2026\/04\/taizy-factory.webp 720w, https:\/\/nut-machine.com\/wp-content\/uploads\/2026\/04\/taizy-factory-480x360.webp 480w, https:\/\/nut-machine.com\/wp-content\/uploads\/2026\/04\/taizy-factory-240x180.webp 240w, https:\/\/nut-machine.com\/wp-content\/uploads\/2026\/04\/taizy-factory-16x12.webp 16w\" sizes=\"auto, (max-width: 720px) 100vw, 720px\" \/><figcaption class=\"wp-element-caption\">Usine Taizy<\/figcaption><\/figure>    <h2 class=\"wp-block-heading\">Qui nous sommes<\/h2>    <p class=\"translation-block\">Fond\u00e9e avec un engagement envers l'excellence, Taizy est une filiale de <strong><mark class=\"has-inline-color has-palette-color-1-color\">Shuliy Group<\/mark><\/strong>, un nom renomm\u00e9 dans le secteur de la fabrication de machines. Avec plus de 15 ans d'exp\u00e9rience dans l'industrie, Taizy est devenue une marque de confiance dans l'industrie mondiale du traitement des noix. Bas\u00e9e \u00e0 Zhengzhou, en Chine \u2014 une ville r\u00e9put\u00e9e pour son h\u00e9ritage industriel \u2014 nous avons construit notre r\u00e9putation sur la qualit\u00e9 de l'artisanat, l'innovation technique et une d\u00e9votion in\u00e9branlable envers nos clients.<\/p>    <p>Soutenue par les ressources solides et l'expertise de Shuliy Group, nous sommes pass\u00e9s d'un petit atelier \u00e0 une entreprise de fabrication moderne avec des installations de production \u00e0 la pointe de la technologie, une \u00e9quipe de R&amp;D professionnelle, et un r\u00e9seau de distribution mondial. Notre parcours a \u00e9t\u00e9 marqu\u00e9 par une croissance continue, des avanc\u00e9es technologiques, et des partenariats \u00e0 long terme avec des clients dans plus de 50 pays.<\/p>    <p>Nous sommes sp\u00e9cialis\u00e9s dans la conception, la fabrication et la distribution d'une large gamme de machines de haute qualit\u00e9 pour le d\u00e9corticage, la torr\u00e9faction, le pelage, la coupe et l'emballage de diverses noix et graines. En tirant parti des ressources techniques \u00e9tendues de Shuliy Group et de notre compr\u00e9hension approfondie des d\u00e9fis du traitement des noix, nous fournissons des solutions qui r\u00e9pondent r\u00e9ellement aux besoins de nos clients.<\/p>    <figure class=\"wp-block-image aligncenter size-full\"><img loading=\"lazy\" decoding=\"async\" width=\"720\" height=\"540\" src=\"https:\/\/nut-machine.com\/wp-content\/uploads\/2026\/04\/Shuliys-customers.webp\" alt=\"Les clients de Shuliy\" class=\"wp-image-9924\" title=\"\" srcset=\"https:\/\/nut-machine.com\/wp-content\/uploads\/2026\/04\/Shuliys-customers.webp 720w, https:\/\/nut-machine.com\/wp-content\/uploads\/2026\/04\/Shuliys-customers-480x360.webp 480w, https:\/\/nut-machine.com\/wp-content\/uploads\/2026\/04\/Shuliys-customers-240x180.webp 240w, https:\/\/nut-machine.com\/wp-content\/uploads\/2026\/04\/Shuliys-customers-16x12.webp 16w\" sizes=\"auto, (max-width: 720px) 100vw, 720px\" \/><figcaption class=\"wp-element-caption\">Les clients de Shuliy<\/figcaption><\/figure>    <h3 class=\"wp-block-heading\">Notre portefeuille de produits<\/h3>    <p>Notre gamme de produits \u00e9tendue inclut:<\/p>    <ul class=\"wp-block-list\"> <li><strong><a href=\"https:\/\/nut-machine.com\/fr\/products\/shelling-cracking\/\">Machines de d\u00e9corticage des noix<\/a><\/strong> \u2013 \u00c9quipements efficaces pour les arachides, noix, amandes, noix de cajou, et plus encore<\/li>    <li><strong><a href=\"https:\/\/nut-machine.com\/fr\/peanut-roaster\/\">Machines de torr\u00e9faction des noix <\/a><\/strong>\u2013 Torr\u00e9facteurs rotatifs \u00e0 haute efficacit\u00e9 \u00e9nerg\u00e9tique avec contr\u00f4le pr\u00e9cis de la temp\u00e9rature<\/li>    <li>\u00c9quipements de pelage et de nettoyage \u2013 Solutions avanc\u00e9es pour le pelage des arachides et le traitement des f\u00e8ves de cacao<\/li>    <li>Machines de d\u00e9coupe et de formage \u2013 Machines sp\u00e9cialis\u00e9es pour barres d'arachide, chikki, et noix enrob\u00e9es<\/li>    <li><strong><a href=\"https:\/\/nut-machine.com\/fr\/products\/nut-processing-plant\/\">Lignes de traitement compl\u00e8tes<\/a><\/strong> \u2013 Solutions cl\u00e9s en main, de la gestion des mati\u00e8res premi\u00e8res \u00e0 l'emballage du produit fini<\/li> <\/ul>    <figure class=\"wp-block-image aligncenter size-full\"><img loading=\"lazy\" decoding=\"async\" width=\"720\" height=\"540\" src=\"https:\/\/nut-machine.com\/wp-content\/uploads\/2026\/04\/Factory-Diagram-of-the-Machine.webp\" alt=\"Factory Diagram of the Machine\" class=\"wp-image-9927\" title=\"\" srcset=\"https:\/\/nut-machine.com\/wp-content\/uploads\/2026\/04\/Factory-Diagram-of-the-Machine.webp 720w, https:\/\/nut-machine.com\/wp-content\/uploads\/2026\/04\/Factory-Diagram-of-the-Machine-480x360.webp 480w, https:\/\/nut-machine.com\/wp-content\/uploads\/2026\/04\/Factory-Diagram-of-the-Machine-240x180.webp 240w, https:\/\/nut-machine.com\/wp-content\/uploads\/2026\/04\/Factory-Diagram-of-the-Machine-16x12.webp 16w\" sizes=\"auto, (max-width: 720px) 100vw, 720px\" \/><figcaption class=\"wp-element-caption\">Diagramme de l'usine de la machine<\/figcaption><\/figure>    <h3 class=\"wp-block-heading\">Pourquoi choisir Taizy ?<\/h3>    <div class=\"wp-block-columns is-layout-flex wp-container-core-columns-is-layout-28f84493 wp-block-columns-is-layout-flex\"> <div class=\"wp-block-column is-layout-flow wp-block-column-is-layout-flow\"> <h3 class=\"wp-block-heading has-text-align-center\"><mark style=\"background-color:rgba(0, 0, 0, 0)\" class=\"has-inline-color has-palette-color-1-color\">Plus de 15 ans d'exp\u00e9rience<\/mark><\/h3>    <p> Connaissance approfondie de l'industrie et exp\u00e9rience \u00e9prouv\u00e9e<\/p> <\/div>    <div class=\"wp-block-column is-layout-flow wp-block-column-is-layout-flow\"> <h3 class=\"wp-block-heading has-text-align-center\"><mark style=\"background-color:rgba(0, 0, 0, 0)\" class=\"has-inline-color has-palette-color-1-color\">Assurance qualit\u00e9 <\/mark><\/h3>    <p>Tout l'\u00e9quipement respecte les normes internationales d'hygi\u00e8ne et de s\u00e9curit\u00e9 alimentaire<\/p> <\/div> <\/div>    <div class=\"wp-block-columns is-layout-flex wp-container-core-columns-is-layout-28f84493 wp-block-columns-is-layout-flex\"> <div class=\"wp-block-column is-layout-flow wp-block-column-is-layout-flow\"> <h3 class=\"wp-block-heading has-text-align-center\"><mark style=\"background-color:rgba(0, 0, 0, 0)\" class=\"has-inline-color has-palette-color-1-color\"> Orient\u00e9 innovation <\/mark><\/h3>    <p>Investissement continu en R&amp;D pour am\u00e9liorer l'efficacit\u00e9 et la performance<\/p> <\/div>    <div class=\"wp-block-column is-layout-flow wp-block-column-is-layout-flow\"> <h3 class=\"wp-block-heading has-text-align-center\"><mark style=\"background-color:rgba(0, 0, 0, 0)\" class=\"has-inline-color has-palette-color-1-color\">Efficacit\u00e9 \u00e9nerg\u00e9tique<\/mark><\/h3>    <p>Nos machines sont con\u00e7ues pour minimiser la consommation d'\u00e9nergie tout en maximisant la production<\/p> <\/div> <\/div>    <div class=\"wp-block-columns is-layout-flex wp-container-core-columns-is-layout-28f84493 wp-block-columns-is-layout-flex\"> <div class=\"wp-block-column is-layout-flow wp-block-column-is-layout-flow\"> <h3 class=\"wp-block-heading has-text-align-center\"><mark style=\"background-color:rgba(0, 0, 0, 0)\" class=\"has-inline-color has-palette-color-1-color\">Pr\u00e9sence mondiale<\/mark><\/h3>    <p>Servir des clients \u00e0 travers plusieurs continents avec un support localis\u00e9<\/p> <\/div>    <div class=\"wp-block-column is-layout-flow wp-block-column-is-layout-flow\"> <h3 class=\"wp-block-heading has-text-align-center\"><mark style=\"background-color:rgba(0, 0, 0, 0)\" class=\"has-inline-color has-palette-color-1-color\">Support d'expert <\/mark><\/h3>    <p>Conseils techniques complets, de l'installation au service apr\u00e8s-vente<\/p> <\/div> <\/div>    <figure class=\"wp-block-image aligncenter size-full\"><img loading=\"lazy\" decoding=\"async\" width=\"720\" height=\"540\" src=\"https:\/\/nut-machine.com\/wp-content\/uploads\/2026\/04\/Our-Certifications.webp\" alt=\"Nos certifications\" class=\"wp-image-9929\" title=\"\" srcset=\"https:\/\/nut-machine.com\/wp-content\/uploads\/2026\/04\/Our-Certifications.webp 720w, https:\/\/nut-machine.com\/wp-content\/uploads\/2026\/04\/Our-Certifications-480x360.webp 480w, https:\/\/nut-machine.com\/wp-content\/uploads\/2026\/04\/Our-Certifications-240x180.webp 240w, https:\/\/nut-machine.com\/wp-content\/uploads\/2026\/04\/Our-Certifications-16x12.webp 16w\" sizes=\"auto, (max-width: 720px) 100vw, 720px\" \/><figcaption class=\"wp-element-caption\">Nos certifications<\/figcaption><\/figure>    <h3 class=\"wp-block-heading\">Notre mission<\/h3>    <p>Chez Taizy, nous nous engageons \u00e0 aider les entreprises de traitement des noix \u00e0 atteindre l'excellence op\u00e9rationnelle gr\u00e2ce \u00e0 des solutions de machines innovantes. Que vous soyez un petit producteur ou une grande op\u00e9ration industrielle, nous fournissons les outils et l'expertise pour optimiser votre production et maximiser votre rentabilit\u00e9.<\/p>    <p>Contactez-nous d\u00e8s aujourd'hui pour d\u00e9couvrir comment Taizy peut transformer vos op\u00e9rations de traitement des noix.<\/p>    <figure class=\"wp-block-image aligncenter size-full\"><img loading=\"lazy\" decoding=\"async\" width=\"720\" height=\"540\" src=\"https:\/\/nut-machine.com\/wp-content\/uploads\/2026\/04\/We-ship-to-customers-worldwide-around-the-clock.webp\" alt=\"Nous exp\u00e9dions aux clients du monde entier 24h\/24 et 7j\/7\" class=\"wp-image-9932\" title=\"\" srcset=\"https:\/\/nut-machine.com\/wp-content\/uploads\/2026\/04\/We-ship-to-customers-worldwide-around-the-clock.webp 720w, https:\/\/nut-machine.com\/wp-content\/uploads\/2026\/04\/We-ship-to-customers-worldwide-around-the-clock-480x360.webp 480w, https:\/\/nut-machine.com\/wp-content\/uploads\/2026\/04\/We-ship-to-customers-worldwide-around-the-clock-240x180.webp 240w, https:\/\/nut-machine.com\/wp-content\/uploads\/2026\/04\/We-ship-to-customers-worldwide-around-the-clock-16x12.webp 16w\" sizes=\"auto, (max-width: 720px) 100vw, 720px\" \/><figcaption class=\"wp-element-caption\">Nous exp\u00e9dions aux clients du monde entier 24h\/24 et 7j\/7<\/figcaption><\/figure>","protected":false},"excerpt":{"rendered":"<p>Zhengzhou Taizy Mechanical Equipment Co., LTD. Zhengzhou Taizy Mechanical Equipment Co., Ltd. is a leading manufacturer and supplier of comprehensive nut processing machinery solutions, dedicated to empowering food processing businesses worldwide with cutting-edge technology and reliable equipment. Who We Are Established with a commitment to excellence, Taizy is a subsidiary of Shuliy Group, a renowned [&hellip;]<\/p>\n","protected":false},"author":1,"featured_media":0,"parent":0,"menu_order":0,"comment_status":"closed","ping_status":"closed","template":"","meta":{"_kad_blocks_custom_css":"","_kad_blocks_head_custom_js":"","_kad_blocks_body_custom_js":"","_kad_blocks_footer_custom_js":"","footnotes":""},"class_list":["post-198","page","type-page","status-publish","hentry"],"blocksy_meta":{"styles_descriptor":{"styles":{"desktop":"","tablet":"","mobile":""},"google_fonts":[],"version":6}},"taxonomy_info":[],"featured_image_src_large":false,"author_info":{"display_name":"nut-machine","author_link":"https:\/\/nut-machine.com\/fr\/author\/taizy\/"},"comment_info":"","_links":{"self":[{"href":"https:\/\/nut-machine.com\/fr\/wp-json\/wp\/v2\/pages\/198","targetHints":{"allow":["GET"]}}],"collection":[{"href":"https:\/\/nut-machine.com\/fr\/wp-json\/wp\/v2\/pages"}],"about":[{"href":"https:\/\/nut-machine.com\/fr\/wp-json\/wp\/v2\/types\/page"}],"author":[{"embeddable":true,"href":"https:\/\/nut-machine.com\/fr\/wp-json\/wp\/v2\/users\/1"}],"replies":[{"embeddable":true,"href":"https:\/\/nut-machine.com\/fr\/wp-json\/wp\/v2\/comments?post=198"}],"version-history":[{"count":10,"href":"https:\/\/nut-machine.com\/fr\/wp-json\/wp\/v2\/pages\/198\/revisions"}],"predecessor-version":[{"id":9939,"href":"https:\/\/nut-machine.com\/fr\/wp-json\/wp\/v2\/pages\/198\/revisions\/9939"}],"wp:attachment":[{"href":"https:\/\/nut-machine.com\/fr\/wp-json\/wp\/v2\/media?parent=198"}],"curies":[{"name":"wp","href":"https:\/\/api.w.org\/{rel}","templated":true}]}}