{"id":198,"date":"2020-10-17T08:45:40","date_gmt":"2020-10-17T08:45:40","guid":{"rendered":"https:\/\/nut-machine.com\/?page_id=198"},"modified":"2026-04-03T16:18:23","modified_gmt":"2026-04-03T08:18:23","slug":"about-us","status":"publish","type":"page","link":"https:\/\/nut-machine.com\/es\/about-us\/","title":{"rendered":"Sobre nosotros"},"content":{"rendered":"<h2 class=\"wp-block-heading\">Equipo mec\u00e1nico Co., LTD de Zhengzhou Taizy.<\/h2>    <p class=\"translation-block\"><strong><mark class=\"has-inline-color has-palette-color-1-color\"><a href=\"https:\/\/nut-machine.com\/es\/\">Zhengzhou Taizy Mechanical Equipment Co., Ltd.<\/a><\/mark><\/strong> es un fabricante y proveedor l\u00edder de soluciones integrales de maquinaria para el procesamiento de frutos secos, dedicado a capacitar a las empresas de procesamiento de alimentos en todo el mundo con tecnolog\u00eda de vanguardia y equipos confiables.<\/p>    <figure class=\"wp-block-image aligncenter size-full is-resized\"><img loading=\"lazy\" decoding=\"async\" width=\"720\" height=\"540\" src=\"https:\/\/nut-machine.com\/wp-content\/uploads\/2026\/04\/taizy-factory.webp\" alt=\"f\u00e1brica taizy\" class=\"wp-image-9919\" style=\"width:809px;height:auto\" title=\"\" srcset=\"https:\/\/nut-machine.com\/wp-content\/uploads\/2026\/04\/taizy-factory.webp 720w, https:\/\/nut-machine.com\/wp-content\/uploads\/2026\/04\/taizy-factory-480x360.webp 480w, https:\/\/nut-machine.com\/wp-content\/uploads\/2026\/04\/taizy-factory-240x180.webp 240w, https:\/\/nut-machine.com\/wp-content\/uploads\/2026\/04\/taizy-factory-16x12.webp 16w\" sizes=\"auto, (max-width: 720px) 100vw, 720px\" \/><figcaption class=\"wp-element-caption\">F\u00e1brica Taizy<\/figcaption><\/figure>    <h2 class=\"wp-block-heading\">Qui\u00e9nes somos<\/h2>    <p class=\"translation-block\">Establecida con un compromiso con la excelencia, Taizy es una subsidiaria de <strong><mark class=\"has-inline-color has-palette-color-1-color\">Shuliy Group<\/mark><\/strong>, un nombre reconocido en el sector de fabricaci\u00f3n de maquinaria. Con m\u00e1s de 15 a\u00f1os de experiencia en la industria, Taizy ha crecido hasta convertirse en una marca de confianza en la industria mundial del procesamiento de frutos secos. Con sede en Zhengzhou, China, una ciudad conocida por su herencia en fabricaci\u00f3n industrial, hemos construido nuestra reputaci\u00f3n basada en la artesan\u00eda de calidad, innovaci\u00f3n t\u00e9cnica y una dedicaci\u00f3n inquebrantable a los clientes.<\/p>    <p>Respaldados por los fuertes recursos y la experiencia del Grupo Shuliy, hemos evolucionado de un peque\u00f1o taller a una empresa moderna de fabricaci\u00f3n con instalaciones de producci\u00f3n de \u00faltima generaci\u00f3n, un equipo profesional de I D y una red de distribuci\u00f3n global. Nuestro camino ha estado marcado por un crecimiento continuo, avances tecnol\u00f3gicos y asociaciones a largo plazo con clientes en m\u00e1s de 50 pa\u00edses.<\/p>    <p>Nos especializamos en dise\u00f1ar, fabricar y distribuir una amplia gama de maquinaria de alta calidad para pelar, tostar, pelar, cortar y envasar diversos frutos secos y semillas. Aprovechando los amplios recursos t\u00e9cnicos del Grupo Shuliy y nuestro profundo conocimiento de los desaf\u00edos del procesamiento de frutos secos, ofrecemos soluciones que realmente satisfacen las necesidades de nuestros clientes.<\/p>    <figure class=\"wp-block-image aligncenter size-full\"><img loading=\"lazy\" decoding=\"async\" width=\"720\" height=\"540\" src=\"https:\/\/nut-machine.com\/wp-content\/uploads\/2026\/04\/Shuliys-customers.webp\" alt=\"Clientes de Shuliy\" class=\"wp-image-9924\" title=\"\" srcset=\"https:\/\/nut-machine.com\/wp-content\/uploads\/2026\/04\/Shuliys-customers.webp 720w, https:\/\/nut-machine.com\/wp-content\/uploads\/2026\/04\/Shuliys-customers-480x360.webp 480w, https:\/\/nut-machine.com\/wp-content\/uploads\/2026\/04\/Shuliys-customers-240x180.webp 240w, https:\/\/nut-machine.com\/wp-content\/uploads\/2026\/04\/Shuliys-customers-16x12.webp 16w\" sizes=\"auto, (max-width: 720px) 100vw, 720px\" \/><figcaption class=\"wp-element-caption\">Clientes de Shuliy<\/figcaption><\/figure>    <h3 class=\"wp-block-heading\">Nuestro portafolio de productos<\/h3>    <p>Nuestra amplia gama de productos incluye:<\/p>    <ul class=\"wp-block-list\"> <li><strong><a href=\"https:\/\/nut-machine.com\/es\/products\/shelling-cracking\/\">M\u00e1quinas de pelado de frutos secos<\/a><\/strong> \u2013 Equipamiento eficiente para cacahuetes, nueces, almendras, anacardos y m\u00e1s<\/li>    <li><strong><a href=\"https:\/\/nut-machine.com\/es\/peanut-roaster\/\">M\u00e1quinas de tostado de frutos secos <\/a><\/strong>\u2013 Tostadores de tambor rotatorio eficientes en energ\u00eda con control preciso de temperatura<\/li>    <li>Equipos de pelado y limpieza \u2013 Soluciones avanzadas para pelar cacahuetes y procesar granos de cacao<\/li>    <li>M\u00e1quinas de corte y formaci\u00f3n \u2013 Maquinaria especializada para barras de cacahuete, chikki y frutos secos recubiertos<\/li>    <li><strong><a href=\"https:\/\/nut-machine.com\/es\/products\/nut-processing-plant\/\">L\u00edneas completas de procesamiento<\/a><\/strong> \u2013 Soluciones llave en mano desde el manejo de materias primas hasta el envasado del producto terminado<\/li> <\/ul>    <figure class=\"wp-block-image aligncenter size-full\"><img loading=\"lazy\" decoding=\"async\" width=\"720\" height=\"540\" src=\"https:\/\/nut-machine.com\/wp-content\/uploads\/2026\/04\/Factory-Diagram-of-the-Machine.webp\" alt=\"Factory Diagram of the Machine\" class=\"wp-image-9927\" title=\"\" srcset=\"https:\/\/nut-machine.com\/wp-content\/uploads\/2026\/04\/Factory-Diagram-of-the-Machine.webp 720w, https:\/\/nut-machine.com\/wp-content\/uploads\/2026\/04\/Factory-Diagram-of-the-Machine-480x360.webp 480w, https:\/\/nut-machine.com\/wp-content\/uploads\/2026\/04\/Factory-Diagram-of-the-Machine-240x180.webp 240w, https:\/\/nut-machine.com\/wp-content\/uploads\/2026\/04\/Factory-Diagram-of-the-Machine-16x12.webp 16w\" sizes=\"auto, (max-width: 720px) 100vw, 720px\" \/><figcaption class=\"wp-element-caption\">Diagrama de la f\u00e1brica de la m\u00e1quina<\/figcaption><\/figure>    <h3 class=\"wp-block-heading\">\u00bfPor qu\u00e9 elegir Taizy?<\/h3>    <div class=\"wp-block-columns is-layout-flex wp-container-core-columns-is-layout-28f84493 wp-block-columns-is-layout-flex\"> <div class=\"wp-block-column is-layout-flow wp-block-column-is-layout-flow\"> <h3 class=\"wp-block-heading has-text-align-center\"><mark style=\"background-color:rgba(0, 0, 0, 0)\" class=\"has-inline-color has-palette-color-1-color\">M\u00e1s de 15 a\u00f1os de experiencia<\/mark><\/h3>    <p> Conocimiento profundo de la industria y trayectoria comprobada<\/p> <\/div>    <div class=\"wp-block-column is-layout-flow wp-block-column-is-layout-flow\"> <h3 class=\"wp-block-heading has-text-align-center\"><mark style=\"background-color:rgba(0, 0, 0, 0)\" class=\"has-inline-color has-palette-color-1-color\">Seguro de calidad <\/mark><\/h3>    <p>Todos los equipos cumplen con los est\u00e1ndares internacionales de higiene y seguridad alimentaria<\/p> <\/div> <\/div>    <div class=\"wp-block-columns is-layout-flex wp-container-core-columns-is-layout-28f84493 wp-block-columns-is-layout-flex\"> <div class=\"wp-block-column is-layout-flow wp-block-column-is-layout-flow\"> <h3 class=\"wp-block-heading has-text-align-center\"><mark style=\"background-color:rgba(0, 0, 0, 0)\" class=\"has-inline-color has-palette-color-1-color\"> Impulsado por la innovaci\u00f3n <\/mark><\/h3>    <p>Inversi\u00f3n continua en I D para mejorar la eficiencia y el rendimiento<\/p> <\/div>    <div class=\"wp-block-column is-layout-flow wp-block-column-is-layout-flow\"> <h3 class=\"wp-block-heading has-text-align-center\"><mark style=\"background-color:rgba(0, 0, 0, 0)\" class=\"has-inline-color has-palette-color-1-color\">Eficiencia energ\u00e9tica<\/mark><\/h3>    <p>Nuestras m\u00e1quinas est\u00e1n dise\u00f1adas para minimizar el consumo de energ\u00eda mientras maximizan la producci\u00f3n<\/p> <\/div> <\/div>    <div class=\"wp-block-columns is-layout-flex wp-container-core-columns-is-layout-28f84493 wp-block-columns-is-layout-flex\"> <div class=\"wp-block-column is-layout-flow wp-block-column-is-layout-flow\"> <h3 class=\"wp-block-heading has-text-align-center\"><mark style=\"background-color:rgba(0, 0, 0, 0)\" class=\"has-inline-color has-palette-color-1-color\">Alcance global<\/mark><\/h3>    <p>Atendiendo a clientes en varios continentes con soporte localizado<\/p> <\/div>    <div class=\"wp-block-column is-layout-flow wp-block-column-is-layout-flow\"> <h3 class=\"wp-block-heading has-text-align-center\"><mark style=\"background-color:rgba(0, 0, 0, 0)\" class=\"has-inline-color has-palette-color-1-color\">Soporte experto <\/mark><\/h3>    <p>Orientaci\u00f3n t\u00e9cnica integral desde la instalaci\u00f3n hasta el servicio postventa<\/p> <\/div> <\/div>    <figure class=\"wp-block-image aligncenter size-full\"><img loading=\"lazy\" decoding=\"async\" width=\"720\" height=\"540\" src=\"https:\/\/nut-machine.com\/wp-content\/uploads\/2026\/04\/Our-Certifications.webp\" alt=\"Nuestras certificaciones\" class=\"wp-image-9929\" title=\"\" srcset=\"https:\/\/nut-machine.com\/wp-content\/uploads\/2026\/04\/Our-Certifications.webp 720w, https:\/\/nut-machine.com\/wp-content\/uploads\/2026\/04\/Our-Certifications-480x360.webp 480w, https:\/\/nut-machine.com\/wp-content\/uploads\/2026\/04\/Our-Certifications-240x180.webp 240w, https:\/\/nut-machine.com\/wp-content\/uploads\/2026\/04\/Our-Certifications-16x12.webp 16w\" sizes=\"auto, (max-width: 720px) 100vw, 720px\" \/><figcaption class=\"wp-element-caption\">Nuestras certificaciones<\/figcaption><\/figure>    <h3 class=\"wp-block-heading\">Nuestra misi\u00f3n<\/h3>    <p>En Taizy, estamos comprometidos a ayudar a las empresas de procesamiento de frutos secos a lograr la excelencia operativa mediante soluciones innovadoras de maquinaria. Ya seas un peque\u00f1o productor o una gran operaci\u00f3n industrial, proporcionamos las herramientas y la experiencia para optimizar tu producci\u00f3n y maximizar tu rentabilidad.<\/p>    <p>Cont\u00e1ctanos hoy para descubrir c\u00f3mo Taizy puede transformar tus operaciones de procesamiento de frutos secos<\/p>    <figure class=\"wp-block-image aligncenter size-full\"><img loading=\"lazy\" decoding=\"async\" width=\"720\" height=\"540\" src=\"https:\/\/nut-machine.com\/wp-content\/uploads\/2026\/04\/We-ship-to-customers-worldwide-around-the-clock.webp\" alt=\"Enviamos a clientes en todo el mundo las 24 horas\" class=\"wp-image-9932\" title=\"\" srcset=\"https:\/\/nut-machine.com\/wp-content\/uploads\/2026\/04\/We-ship-to-customers-worldwide-around-the-clock.webp 720w, https:\/\/nut-machine.com\/wp-content\/uploads\/2026\/04\/We-ship-to-customers-worldwide-around-the-clock-480x360.webp 480w, https:\/\/nut-machine.com\/wp-content\/uploads\/2026\/04\/We-ship-to-customers-worldwide-around-the-clock-240x180.webp 240w, https:\/\/nut-machine.com\/wp-content\/uploads\/2026\/04\/We-ship-to-customers-worldwide-around-the-clock-16x12.webp 16w\" sizes=\"auto, (max-width: 720px) 100vw, 720px\" \/><figcaption class=\"wp-element-caption\">Enviamos a clientes en todo el mundo las 24 horas<\/figcaption><\/figure>","protected":false},"excerpt":{"rendered":"<p>Zhengzhou Taizy Mechanical Equipment Co., LTD. Zhengzhou Taizy Mechanical Equipment Co., Ltd. is a leading manufacturer and supplier of comprehensive nut processing machinery solutions, dedicated to empowering food processing businesses worldwide with cutting-edge technology and reliable equipment. Who We Are Established with a commitment to excellence, Taizy is a subsidiary of Shuliy Group, a renowned [&hellip;]<\/p>\n","protected":false},"author":1,"featured_media":0,"parent":0,"menu_order":0,"comment_status":"closed","ping_status":"closed","template":"","meta":{"_kad_blocks_custom_css":"","_kad_blocks_head_custom_js":"","_kad_blocks_body_custom_js":"","_kad_blocks_footer_custom_js":"","footnotes":""},"class_list":["post-198","page","type-page","status-publish","hentry"],"blocksy_meta":{"styles_descriptor":{"styles":{"desktop":"","tablet":"","mobile":""},"google_fonts":[],"version":6}},"taxonomy_info":[],"featured_image_src_large":false,"author_info":{"display_name":"nut-machine","author_link":"https:\/\/nut-machine.com\/es\/author\/taizy\/"},"comment_info":"","_links":{"self":[{"href":"https:\/\/nut-machine.com\/es\/wp-json\/wp\/v2\/pages\/198","targetHints":{"allow":["GET"]}}],"collection":[{"href":"https:\/\/nut-machine.com\/es\/wp-json\/wp\/v2\/pages"}],"about":[{"href":"https:\/\/nut-machine.com\/es\/wp-json\/wp\/v2\/types\/page"}],"author":[{"embeddable":true,"href":"https:\/\/nut-machine.com\/es\/wp-json\/wp\/v2\/users\/1"}],"replies":[{"embeddable":true,"href":"https:\/\/nut-machine.com\/es\/wp-json\/wp\/v2\/comments?post=198"}],"version-history":[{"count":10,"href":"https:\/\/nut-machine.com\/es\/wp-json\/wp\/v2\/pages\/198\/revisions"}],"predecessor-version":[{"id":9939,"href":"https:\/\/nut-machine.com\/es\/wp-json\/wp\/v2\/pages\/198\/revisions\/9939"}],"wp:attachment":[{"href":"https:\/\/nut-machine.com\/es\/wp-json\/wp\/v2\/media?parent=198"}],"curies":[{"name":"wp","href":"https:\/\/api.w.org\/{rel}","templated":true}]}}